{"id":6320,"date":"2024-04-10T02:01:33","date_gmt":"2024-04-10T02:01:33","guid":{"rendered":"https:\/\/yourfid.top\/?page_id=6320"},"modified":"2024-07-23T03:19:02","modified_gmt":"2024-07-23T03:19:02","slug":"cookie-richtlinie","status":"publish","type":"page","link":"https:\/\/yourfid.top\/de\/cookie-richtlinie\/","title":{"rendered":"Cookie-Richtlinie"},"content":{"rendered":"<p><strong>Zuletzt aktualisiert: Juli 2024<\/strong><\/p>\n\n\n\n<p>Shanghai HUAYUAN Electronic Co, Ltd ist ein in China registriertes Unternehmen. Diese Cookie-Richtlinie erkl\u00e4rt, wie HUAYUAN Cookies und \u00e4hnliche Technologien verwendet, um Sie zu erkennen, wenn Sie unsere Websites besuchen. Es wird erkl\u00e4rt, was diese Technologien sind, warum wir sie verwenden und welche Rechte Sie haben, um unsere Verwendung zu kontrollieren.<\/p>\n\n\n\n<p>Verweise auf \"Shanghai HUAYUAN Electronic\", \"HUAYUAN\", \"uns\", \"wir\" und \"unser\" beziehen sich auf Shanghai HUAYUAN Electronic Co., Ltd und unsere Tochtergesellschaften.<\/p>\n\n\n\n<hr class=\"wp-block-separator has-text-color has-theme-palette-8-color has-alpha-channel-opacity has-theme-palette-8-background-color has-background is-style-wide\"\/>\n\n\n<style>.kb-table-of-content-nav.kb-table-of-content-id6320_74285f-3f .kb-table-of-content-wrap{padding-top:var(--global-kb-spacing-sm, 1.5rem);padding-right:var(--global-kb-spacing-sm, 1.5rem);padding-bottom:var(--global-kb-spacing-sm, 1.5rem);padding-left:var(--global-kb-spacing-sm, 1.5rem);}.kb-table-of-content-nav.kb-table-of-content-id6320_74285f-3f .kb-table-of-contents-title-wrap{padding-top:0px;padding-right:0px;padding-bottom:0px;padding-left:0px;}.kb-table-of-content-nav.kb-table-of-content-id6320_74285f-3f .kb-table-of-contents-title{font-weight:regular;font-style:normal;}.kb-table-of-content-nav.kb-table-of-content-id6320_74285f-3f .kb-table-of-content-wrap .kb-table-of-content-list{font-weight:regular;font-style:normal;margin-top:var(--global-kb-spacing-sm, 1.5rem);margin-right:0px;margin-bottom:0px;margin-left:0px;}<\/style>\n\n\n<h2 class=\"wp-block-heading\" id=\"1-what-are-cookies\">1, Was sind Cookies?<\/h2>\n\n\n\n<p>Cookies sind kleine Datendateien, die auf Ihrem Computer oder Mobilger\u00e4t gespeichert werden, wenn Sie eine Website besuchen. Sie enthalten eine Kennung (eine Zeichenfolge aus Buchstaben und Zahlen), die von einem Webserver an einen Webbrowser gesendet und von diesem gespeichert wird. Die Kennung wird dann jedes Mal an den Server zur\u00fcckgeschickt, wenn der Browser eine Seite vom Server anfordert.<\/p>\n\n\n\n<h2 class=\"wp-block-heading\" id=\"2-types-of-cookies\">2, Arten von Cookies<\/h2>\n\n\n\n<p>Im Allgemeinen gibt es drei verschiedene M\u00f6glichkeiten, Cookies zu klassifizieren: nach ihrem Zweck, ihrer Dauer und ihrer Herkunft.<\/p>\n\n\n\n<p><strong>Zweck<\/strong><\/p>\n\n\n\n<ul class=\"wp-block-list\">\n<li>Streng notwendige Cookies: Diese Cookies sind f\u00fcr das Surfen auf der Website und die Nutzung ihrer Funktionen, z. B. f\u00fcr den Zugriff auf sichere Bereiche, unerl\u00e4sslich.<\/li>\n\n\n\n<li>Leistungs-Cookies: Diese Cookies sammeln Informationen dar\u00fcber, wie Sie eine Website nutzen, z. B. welche Seiten Sie besucht und welche Links Sie angeklickt haben. Ihr einziger Zweck ist es, die Funktionen der Website zu verbessern. Dies schlie\u00dft auch Cookies von Analysediensten Dritter ein, solange die Cookies ausschlie\u00dflich f\u00fcr den Eigent\u00fcmer der besuchten Website bestimmt sind.<\/li>\n\n\n\n<li>Funktionale Cookies: Diese Cookies erm\u00f6glichen es uns, Ihre Pr\u00e4ferenzen und Entscheidungen zu speichern, wie z. B. Ihre Region oder Sprache. Diese Cookies erm\u00f6glichen es uns, Ihnen personalisierte Funktionen anzubieten.<\/li>\n\n\n\n<li>Zielgerichtete Cookies: Diese Cookies verfolgen Ihre Online-Aktivit\u00e4ten, um Werbetreibenden zu helfen, relevantere Werbung zu liefern oder zu begrenzen, wie oft Sie eine Anzeige sehen. Diese Cookies k\u00f6nnen diese Informationen mit anderen Organisationen oder Werbetreibenden teilen. Es handelt sich um dauerhafte Cookies, die fast immer von Dritten stammen.<\/li>\n\n\n\n<li>Cookies f\u00fcr soziale Medien: Diese Cookies werden von Social-Media-Plattformen Dritter gesetzt, die in unsere Website integriert wurden.<\/li>\n<\/ul>\n\n\n\n<p><strong>Dauer<\/strong><\/p>\n\n\n\n<ul class=\"wp-block-list\">\n<li>Sitzungs-Cookies: Diese Cookies sind tempor\u00e4r und verfallen, wenn Sie Ihren Browser schlie\u00dfen (oder wenn Ihre Sitzung endet).<\/li>\n\n\n\n<li>Dauerhafte Cookies: Diese Kategorie umfasst alle Cookies, die auf Ihrer Festplatte verbleiben, bis Sie sie l\u00f6schen oder Ihr Browser sie l\u00f6scht, je nachdem, wie das Ablaufdatum des Cookies lautet. Alle dauerhaften Cookies haben ein Verfallsdatum in ihrem Code, aber ihre Dauer kann variieren. Diese Cookies erm\u00f6glichen es uns, Ihre Pr\u00e4ferenzen und Aktivit\u00e4ten \u00fcber mehrere Besuche auf unserer Website hinweg zu speichern.<\/li>\n<\/ul>\n\n\n\n<p><strong>Provenienz<\/strong><\/p>\n\n\n\n<ul class=\"wp-block-list\">\n<li>Erstanbieter-Cookies: Diese Cookies werden direkt von Shanghai HUAYUAN Electronic auf Ihrem Ger\u00e4t platziert.<\/li>\n\n\n\n<li>Cookies von Dritten: Diese Cookies werden nicht von der Website, die Sie besuchen, auf Ihrem Ger\u00e4t platziert, sondern von einem Dritten, z. B. einem Werbetreibenden oder einem Analysesystem.<\/li>\n<\/ul>\n\n\n\n<h2 class=\"wp-block-heading\" id=\"3-why-do-we-use-cookies\">3, Warum verwenden wir Cookies?<\/h2>\n\n\n\n<p>Wir verwenden Cookies, um Ihnen die bestm\u00f6gliche Erfahrung auf unserer Website zu bieten. Cookies helfen uns zum Beispiel dabei, unsere Website kontinuierlich zu verbessern, Ihre Einstellungen w\u00e4hrend und zwischen Besuchen zu speichern, die Geschwindigkeit und Sicherheit unserer Website zu verbessern und Werbung auf Ihre Interessen abzustimmen.<\/p>\n\n\n\n<p>Unsere Website verwendet essentielle und nicht essentielle Cookies, um Ihr Surferlebnis zu verbessern. Wesentliche Cookies sind f\u00fcr das ordnungsgem\u00e4\u00dfe Funktionieren unserer Website unerl\u00e4sslich, w\u00e4hrend nicht wesentliche Cookies zus\u00e4tzliche Vorteile wie die Personalisierung bieten. Wir verwenden Cookies, um Inhalte zu personalisieren, die Funktionalit\u00e4t der Website zu verbessern und wertvolle statistische und analytische Daten zu sammeln. Diese Informationen helfen uns, unsere Inhalte zu optimieren, die Leistung der Website zu messen und fundierte Entscheidungen zu treffen, um die Benutzerfreundlichkeit kontinuierlich zu verbessern.<\/p>\n\n\n\n<h2 class=\"wp-block-heading\" id=\"4-what-cookies-do-we-use\">4, Welche Cookies verwenden wir?<\/h2>\n\n\n\n<p>Wir verwenden Cookies von Erst- und Drittanbietern aus verschiedenen Gr\u00fcnden. Einige Cookies sind aus technischen Gr\u00fcnden f\u00fcr den Betrieb unserer Websites erforderlich, und wir bezeichnen diese als \"wesentliche\" oder \"unbedingt notwendige\" Cookies. Andere Cookies erm\u00f6glichen es uns, die Interessen unserer Nutzer zu verfolgen und gezielt zu verfolgen, um die Erfahrung auf unseren Websites zu verbessern. Dritte setzen \u00fcber unsere Websites Cookies zu Werbezwecken ein.<\/p>\n\n\n\n<p>Die spezifischen Arten von Erst- und Drittanbieter-Cookies, die auf unseren Websites verwendet werden, und die Zwecke, die sie erf\u00fcllen, sind in den Cookie-Einstellungen beschrieben, die Ihnen auf jeder unserer Websites zur Verf\u00fcgung stehen. Bitte beachten Sie, dass die auf anderen Websites von HUAYUAN verwendeten Cookies unterschiedlich sein k\u00f6nnen. Um mehr \u00fcber die spezifischen Cookies zu erfahren, die auf anderen Websites verwendet werden, konsultieren Sie bitte die Seite \"Cookies Policy\", die sich am Ende der Website befindet, auf der Sie browsen.<\/p>\n\n\n\n<p><strong>Streng notwendige Cookies<\/strong><\/p>\n\n\n\n<p>Streng notwendige Cookies sind f\u00fcr das ordnungsgem\u00e4\u00dfe Funktionieren einer Website unerl\u00e4sslich. Diese Cookies sind f\u00fcr die ordnungsgem\u00e4\u00dfe Funktion der Website erforderlich und k\u00f6nnen nicht deaktiviert werden. Sie erm\u00f6glichen Funktionen wie das Navigieren zwischen Seiten, das Ausf\u00fcllen von Formularen und den Zugriff auf sichere Bereiche der Website.<\/p>\n\n\n\n<p>Streng notwendige Cookies werden ausschlie\u00dflich f\u00fcr die Bereitstellung der vom Nutzer angeforderten Dienste verwendet. Diese Cookies werden von der Website selbst gesetzt und bed\u00fcrfen nicht der Zustimmung des Nutzers.<\/p>\n\n\n\n<p><strong>Leistungs-Cookies<\/strong><\/p>\n\n\n\n<p>Leistungs-Cookies sammeln Informationen dar\u00fcber, wie eine Website von den Besuchern genutzt wird. Diese Cookies tragen zur Verbesserung der Benutzerfreundlichkeit bei, indem sie die Ladezeiten der Seiten, die Leistung der Website und Fehlerberichte verfolgen. Leistungs-Cookies verfolgen die Aktivit\u00e4ten eines Nutzers nicht \u00fcber mehrere Websites hinweg. Stattdessen liefern sie aggregierte Daten \u00fcber die Nutzung und Leistung der Website, die den Website-Besitzern helfen, die Funktionalit\u00e4t und das Design der Website zu verbessern. Beispiele f\u00fcr Leistungs-Cookies sind Analyse-Cookies, die den Website-Verkehr und die Nutzungsmuster verfolgen, sowie Lastausgleichs-Cookies, die sicherstellen, dass die Website zug\u00e4nglich und reaktionsf\u00e4hig bleibt. Leistungs-Cookies k\u00f6nnen von der Website selbst oder von Drittanbietern gesetzt werden.<\/p>\n\n\n\n<p><strong>Funktionale Cookies<\/strong><\/p>\n\n\n\n<p>Funktionale Cookies sind eine Art von Cookies, die es einer Website erm\u00f6glichen, sich die Pr\u00e4ferenzen und Entscheidungen eines Nutzers zu merken. Diese Cookies erm\u00f6glichen es der Website, eine pers\u00f6nlichere Erfahrung zu bieten, indem sie sich die Einstellungen des Nutzers merken, wie z. B. die bevorzugte Sprache, die Schriftgr\u00f6\u00dfe und den Standort. Sie erm\u00f6glichen es der Website auch, ma\u00dfgeschneiderte Inhalte anzubieten, wie z. B. Vorschl\u00e4ge f\u00fcr Produkte oder Dienstleistungen, die auf den vorherigen Aktivit\u00e4ten des Nutzers basieren. Im Gegensatz zu Leistungs-Cookies sammeln funktionale Cookies pers\u00f6nliche Informationen \u00fcber den Nutzer, aber diese Informationen werden nicht f\u00fcr Werbung oder andere nicht-funktionale Zwecke verwendet. Funktionale Cookies k\u00f6nnen von der Website selbst oder von Drittanbietern gesetzt werden.<\/p>\n\n\n\n<p><strong>Zielgerichtete Cookies<\/strong><\/p>\n\n\n\n<p>Diese Cookies k\u00f6nnen auf unserer Website von unseren Werbepartnern gesetzt werden. Sie k\u00f6nnen von diesen Unternehmen verwendet werden, um ein Profil Ihrer Interessen zu erstellen und Ihnen relevante Werbung auf anderen Websites zu zeigen. Sie speichern keine direkten pers\u00f6nlichen Informationen, sondern basieren auf der eindeutigen Identifizierung Ihres Browsers und Internetger\u00e4ts. Wenn Sie diese Cookies nicht zulassen, werden Sie weniger gezielte Werbung sehen.<\/p>\n\n\n\n<p><strong>Cookies f\u00fcr soziale Medien<\/strong><\/p>\n\n\n\n<p>Diese Cookies sind notwendig, damit Sie Dienste nutzen k\u00f6nnen, die von Dritten angeboten werden, z. B. soziale Medienplattformen wie YouTube.<\/p>\n\n\n\n<h2 class=\"wp-block-heading\" id=\"5-social-media-buttons\">5, Schaltfl\u00e4chen f\u00fcr soziale Medien<\/h2>\n\n\n\n<p>Social-Media-Schaltfl\u00e4chen erm\u00f6glichen Social-Media-Cookies f\u00fcr eine optimale Interaktion mit Social-Media-Kan\u00e4len wie YouTube, LinkedIn, Twitter, Facebook usw., da sie f\u00fcr die Bereitstellung bestimmter Funktionen auf unseren Websites und in unseren Apps erforderlich sind, z. B. die Twitter-Schaltfl\u00e4che \"Tweet\", die LinkedIn-Schaltfl\u00e4che \"Teilen\", die Wiedergabe eines Videos auf YouTube usw. Diese Cookies erm\u00f6glichen es uns nicht, auf Ihre Social-Media-Konten oder die von Ihnen dort gespeicherten Daten zuzugreifen.<\/p>\n\n\n\n<p>Die Nutzung von oder Interaktion mit Social-Media-Schaltfl\u00e4chen oder -Funktionen unterliegt den Regeln des jeweiligen Anbieters. HUAYUAN hat keinen Einfluss auf die Social-Media-Kan\u00e4le, die Ihre pers\u00f6nlichen Daten (z. B. Ihre IP-Adresse) und Informationen \u00fcber Ihr Surfverhalten f\u00fcr spezifische Zwecke dieser Dritten sammeln. Wir empfehlen Ihnen, die Nutzungsbedingungen und Datenschutzhinweise des jeweiligen sozialen Netzwerks zu konsultieren, um zu erfahren, wie das Netzwerk mit Ihren personenbezogenen Daten umgeht.<\/p>\n\n\n\n<h2 class=\"wp-block-heading\" id=\"6-tracking-technologies\">6, Tracking-Technologien<\/h2>\n\n\n\n<p>Cookies sind eine von vielen M\u00f6glichkeiten, Besucher einer Website zu erkennen oder zu verfolgen. Wir k\u00f6nnen jedoch von Zeit zu Zeit auch andere, \u00e4hnliche Technologien verwenden, wie z. B. Web-Beacons (manchmal auch \"Z\u00e4hlpixel\" oder \"Clear Gifs\" genannt). Diese winzigen Grafikdateien enthalten eine eindeutige Kennung, mit der wir erkennen k\u00f6nnen, wann jemand unsere Websites besucht hat. Auf diese Weise k\u00f6nnen wir beispielsweise die Verkehrsmuster der Nutzer von einer Seite unserer Websites zu einer anderen \u00fcberwachen, Cookies zustellen oder mit ihnen kommunizieren, feststellen, ob Sie \u00fcber eine Online-Werbung auf einer Website eines Dritten auf unsere Websites gelangt sind, die Leistung der Website verbessern und den Erfolg von E-Mail-Marketingkampagnen messen. In vielen F\u00e4llen sind diese Technologien auf Cookies angewiesen, um korrekt zu funktionieren, so dass die Ablehnung von Cookies deren Funktion beeintr\u00e4chtigt.<\/p>\n\n\n\n<h2 class=\"wp-block-heading\" id=\"7-what-are-my-privacy-options\">7, Was sind meine Datenschutzoptionen?<\/h2>\n\n\n\n<p>Wenn Sie unsere Website zum ersten Mal besuchen, werden Sie aufgefordert, Ihre Cookie-Einstellungen zu w\u00e4hlen. Indem Sie die Cookies akzeptieren, geben Sie Ihr Einverst\u00e4ndnis zum Setzen der Cookies. Sie k\u00f6nnen sich jederzeit wieder abmelden, indem Sie die Cookie-Einstellungen \u00e4ndern.<\/p>\n\n\n\n<p>Sie k\u00f6nnen auch alle Cookies auf Ihrem Ger\u00e4t l\u00f6schen, indem Sie den Browserverlauf l\u00f6schen, wodurch alle Cookies von allen besuchten Websites entfernt werden. Bitte beachten Sie, dass das Blockieren einiger Arten von Cookies Ihre Erfahrung auf der Website und die von uns angebotenen Dienste beeintr\u00e4chtigen kann.<\/p>\n\n\n\n<p>Die meisten Webbrowser erlauben auch eine gewisse Kontrolle der meisten Cookies \u00fcber die Browsereinstellungen. Um mehr \u00fcber interessenbezogene Werbung und Ihre Wahlm\u00f6glichkeiten zu erfahren, besuchen Sie bitte die Website Ihres Webbrowsers, deren Einstellungen von Browser zu Browser variieren.<\/p>\n\n\n\n<p>Nachfolgend finden Sie Links zu den Support-Dokumenten f\u00fcr die Verwaltung und L\u00f6schung von Cookies in den wichtigsten Webbrowsern.<br>Chrom: https:\/\/support.google.com\/accounts\/answer\/32050<br>Safari: https:\/\/support.apple.com\/en-in\/guide\/safari\/sfri11471\/mac<br>Firefox: https:\/\/support.mozilla.org\/en-US\/kb\/clear-cookies-and-site-data-firefox?redirectslug=delete-cookies-remove-info-websites-stored&amp;redirectlocale=en-US<br>Internet Explorer: https:\/\/support.microsoft.com\/en-us\/topic\/how-to-delete-cookie-files-in-internet-explorer-bca9446f-d873-78de-77ba-d42645fa52fc<br>Wenn Sie einen anderen Webbrowser verwenden, lesen Sie bitte die offiziellen Support-Dokumente f\u00fcr Ihren Browser.<\/p>\n\n\n\n<h2 class=\"wp-block-heading\" id=\"8-changes-to-this-cookie-notice\">8, \u00c4nderungen an diesem Cookie-Hinweis<\/h2>\n\n\n\n<p>Wir k\u00f6nnen diesen Cookie-Hinweis von Zeit zu Zeit aktualisieren, um \u00c4nderungen an den von uns verwendeten Cookies zu ber\u00fccksichtigen oder aus betrieblichen, rechtlichen oder regulatorischen Gr\u00fcnden. Bitte besuchen Sie diesen Cookie-Hinweis regelm\u00e4\u00dfig, um sich \u00fcber unsere Verwendung von Cookies und verwandten Technologien zu informieren.<\/p>\n\n\n\n<p>Das Datum am Anfang dieses Cookie-Hinweises zeigt an, wann er zuletzt aktualisiert wurde.<\/p>\n\n\n\n<h2 class=\"wp-block-heading\" id=\"9-further-information\">9, Weitere Informationen<\/h2>\n\n\n\n<p>Bitte lesen Sie unser\u00a0<a href=\"https:\/\/yourfid.top\/privacy-policy\/\" data-type=\"link\" data-id=\"https:\/\/yourfid.top\/privacy-policy\/\">Datenschutzbestimmungen<\/a>\u00a0um mehr \u00fcber die Verwendung Ihrer pers\u00f6nlichen Daten zu erfahren.<\/p>\n\n\n\n<p>Wenn Sie Fragen zu unserer Verwendung von Cookies oder anderen Technologien haben, senden Sie uns bitte eine E-Mail an\u00a0<a href=\"mailto:marketing@huayuansh.com\">marketing@huayuansh.com<\/a>.<\/p>","protected":false},"excerpt":{"rendered":"<p>Last updated: July 2024 Shanghai HUAYUAN Electronic Co., Ltd is a company registered in China. This Cookie Policy explains how HUAYUAN uses cookies and similar technologies to recognize you when you visit our websites. It explains what these technologies are, why we use them, and your rights to control our use. References to \u201cShanghai HUAYUAN&#8230;<\/p>","protected":false},"author":1,"featured_media":0,"parent":0,"menu_order":10,"comment_status":"closed","ping_status":"closed","template":"","meta":{"_kad_blocks_custom_css":"","_kad_blocks_head_custom_js":"","_kad_blocks_body_custom_js":"","_kad_blocks_footer_custom_js":"","_kadence_starter_templates_imported_post":false,"_kad_post_transparent":"","_kad_post_title":"","_kad_post_layout":"","_kad_post_sidebar_id":"","_kad_post_content_style":"","_kad_post_vertical_padding":"","_kad_post_feature":"","_kad_post_feature_position":"","_kad_post_header":false,"_kad_post_footer":false,"footnotes":""},"class_list":["post-6320","page","type-page","status-publish","hentry"],"yoast_head":"<!-- This site is optimized with the Yoast SEO Premium plugin v25.5 (Yoast SEO v25.6) - https:\/\/yoast.com\/wordpress\/plugins\/seo\/ -->\n<title>Cookie Policy - RFID Wristbands, Cards, Key Fobs | HUAYUAN<\/title>\n<meta name=\"robots\" content=\"index, follow, max-snippet:-1, max-image-preview:large, max-video-preview:-1\" \/>\n<link rel=\"canonical\" href=\"https:\/\/yourfid.top\/de\/cookie-richtlinie\/\" \/>\n<meta property=\"og:locale\" content=\"de_DE\" \/>\n<meta property=\"og:type\" content=\"article\" \/>\n<meta property=\"og:title\" content=\"Cookie Policy\" \/>\n<meta property=\"og:description\" content=\"Last updated: July 2024 Shanghai HUAYUAN Electronic Co., Ltd is a company registered in China. This Cookie Policy explains how HUAYUAN uses cookies and similar technologies to recognize you when you visit our websites. It explains what these technologies are, why we use them, and your rights to control our use. References to \u201cShanghai HUAYUAN...\" \/>\n<meta property=\"og:url\" content=\"https:\/\/yourfid.top\/de\/cookie-richtlinie\/\" \/>\n<meta property=\"og:site_name\" content=\"RFID Wristbands, Cards, Key Fobs | HUAYUAN\" \/>\n<meta property=\"article:publisher\" content=\"http:\/\/www.facebook.com\/HUAYUANsh\" \/>\n<meta property=\"article:modified_time\" content=\"2024-07-23T03:19:02+00:00\" \/>\n<meta name=\"twitter:card\" content=\"summary_large_image\" \/>\n<meta name=\"twitter:site\" content=\"@HUAYUAN_RFID\" \/>\n<script type=\"application\/ld+json\" class=\"yoast-schema-graph\">{\"@context\":\"https:\/\/schema.org\",\"@graph\":[{\"@type\":\"WebPage\",\"@id\":\"https:\/\/yourfid.top\/cookie-policy\/\",\"url\":\"https:\/\/yourfid.top\/cookie-policy\/\",\"name\":\"Cookie Policy - RFID Wristbands, Cards, Key Fobs | HUAYUAN\",\"isPartOf\":{\"@id\":\"https:\/\/yourfid.top\/es\/#website\"},\"datePublished\":\"2024-04-10T02:01:33+00:00\",\"dateModified\":\"2024-07-23T03:19:02+00:00\",\"breadcrumb\":{\"@id\":\"https:\/\/yourfid.top\/cookie-policy\/#breadcrumb\"},\"inLanguage\":\"de\",\"potentialAction\":[{\"@type\":\"ReadAction\",\"target\":[\"https:\/\/yourfid.top\/cookie-policy\/\"]}]},{\"@type\":\"BreadcrumbList\",\"@id\":\"https:\/\/yourfid.top\/cookie-policy\/#breadcrumb\",\"itemListElement\":[{\"@type\":\"ListItem\",\"position\":1,\"name\":\"Home\",\"item\":\"https:\/\/yourfid.top\/\"},{\"@type\":\"ListItem\",\"position\":2,\"name\":\"Cookie Policy\"}]},{\"@type\":\"WebSite\",\"@id\":\"https:\/\/yourfid.top\/es\/#website\",\"url\":\"https:\/\/yourfid.top\/es\/\",\"name\":\"RFID Wristbands, Cards, Key Fobs | HUAYUAN\",\"description\":\"Seamless Connectivity, Secure Living\",\"publisher\":{\"@id\":\"https:\/\/yourfid.top\/es\/#organization\"},\"potentialAction\":[{\"@type\":\"SearchAction\",\"target\":{\"@type\":\"EntryPoint\",\"urlTemplate\":\"https:\/\/yourfid.top\/es\/?s={search_term_string}\"},\"query-input\":{\"@type\":\"PropertyValueSpecification\",\"valueRequired\":true,\"valueName\":\"search_term_string\"}}],\"inLanguage\":\"de\"},{\"@type\":\"Organization\",\"@id\":\"https:\/\/yourfid.top\/es\/#organization\",\"name\":\"HuaYuan\",\"url\":\"https:\/\/yourfid.top\/es\/\",\"logo\":{\"@type\":\"ImageObject\",\"inLanguage\":\"de\",\"@id\":\"https:\/\/yourfid.top\/es\/#\/schema\/logo\/image\/\",\"url\":\"https:\/\/yourfid.top\/wp-content\/uploads\/2024\/09\/cropped-HUAYUAN.webp\",\"contentUrl\":\"https:\/\/yourfid.top\/wp-content\/uploads\/2024\/09\/cropped-HUAYUAN.webp\",\"width\":895,\"height\":279,\"caption\":\"HuaYuan\"},\"image\":{\"@id\":\"https:\/\/yourfid.top\/es\/#\/schema\/logo\/image\/\"},\"sameAs\":[\"http:\/\/www.facebook.com\/HUAYUANsh\",\"https:\/\/x.com\/HUAYUAN_RFID\"]}]}<\/script>\n<!-- \/ Yoast SEO Premium plugin. -->","yoast_head_json":{"title":"Cookie Policy - RFID Wristbands, Cards, Key Fobs | HUAYUAN","robots":{"index":"index","follow":"follow","max-snippet":"max-snippet:-1","max-image-preview":"max-image-preview:large","max-video-preview":"max-video-preview:-1"},"canonical":"https:\/\/yourfid.top\/de\/cookie-richtlinie\/","og_locale":"de_DE","og_type":"article","og_title":"Cookie Policy","og_description":"Last updated: July 2024 Shanghai HUAYUAN Electronic Co., Ltd is a company registered in China. This Cookie Policy explains how HUAYUAN uses cookies and similar technologies to recognize you when you visit our websites. It explains what these technologies are, why we use them, and your rights to control our use. References to \u201cShanghai HUAYUAN...","og_url":"https:\/\/yourfid.top\/de\/cookie-richtlinie\/","og_site_name":"RFID Wristbands, Cards, Key Fobs | HUAYUAN","article_publisher":"http:\/\/www.facebook.com\/HUAYUANsh","article_modified_time":"2024-07-23T03:19:02+00:00","twitter_card":"summary_large_image","twitter_site":"@HUAYUAN_RFID","schema":{"@context":"https:\/\/schema.org","@graph":[{"@type":"WebPage","@id":"https:\/\/yourfid.top\/cookie-policy\/","url":"https:\/\/yourfid.top\/cookie-policy\/","name":"Cookie Policy - RFID Wristbands, Cards, Key Fobs | HUAYUAN","isPartOf":{"@id":"https:\/\/yourfid.top\/es\/#website"},"datePublished":"2024-04-10T02:01:33+00:00","dateModified":"2024-07-23T03:19:02+00:00","breadcrumb":{"@id":"https:\/\/yourfid.top\/cookie-policy\/#breadcrumb"},"inLanguage":"de","potentialAction":[{"@type":"ReadAction","target":["https:\/\/yourfid.top\/cookie-policy\/"]}]},{"@type":"BreadcrumbList","@id":"https:\/\/yourfid.top\/cookie-policy\/#breadcrumb","itemListElement":[{"@type":"ListItem","position":1,"name":"Home","item":"https:\/\/yourfid.top\/"},{"@type":"ListItem","position":2,"name":"Cookie Policy"}]},{"@type":"WebSite","@id":"https:\/\/yourfid.top\/es\/#website","url":"https:\/\/yourfid.top\/es\/","name":"RFID-Armb\u00e4nder, Karten, Schl\u00fcsselanh\u00e4nger | HUAYUAN","description":"Nahtlose Konnektivit\u00e4t, sicheres Wohnen","publisher":{"@id":"https:\/\/yourfid.top\/es\/#organization"},"potentialAction":[{"@type":"SearchAction","target":{"@type":"EntryPoint","urlTemplate":"https:\/\/yourfid.top\/es\/?s={search_term_string}"},"query-input":{"@type":"PropertyValueSpecification","valueRequired":true,"valueName":"search_term_string"}}],"inLanguage":"de"},{"@type":"Organization","@id":"https:\/\/yourfid.top\/es\/#organization","name":"HuaYuan","url":"https:\/\/yourfid.top\/es\/","logo":{"@type":"ImageObject","inLanguage":"de","@id":"https:\/\/yourfid.top\/es\/#\/schema\/logo\/image\/","url":"https:\/\/yourfid.top\/wp-content\/uploads\/2024\/09\/cropped-HUAYUAN.webp","contentUrl":"https:\/\/yourfid.top\/wp-content\/uploads\/2024\/09\/cropped-HUAYUAN.webp","width":895,"height":279,"caption":"HuaYuan"},"image":{"@id":"https:\/\/yourfid.top\/es\/#\/schema\/logo\/image\/"},"sameAs":["http:\/\/www.facebook.com\/HUAYUANsh","https:\/\/x.com\/HUAYUAN_RFID"]}]}},"taxonomy_info":[],"featured_image_src_large":false,"author_info":{"display_name":"hyadmin","author_link":"https:\/\/yourfid.top\/de\/author\/hyadmin\/"},"comment_info":0,"_links":{"self":[{"href":"https:\/\/yourfid.top\/de\/wp-json\/wp\/v2\/pages\/6320","targetHints":{"allow":["GET"]}}],"collection":[{"href":"https:\/\/yourfid.top\/de\/wp-json\/wp\/v2\/pages"}],"about":[{"href":"https:\/\/yourfid.top\/de\/wp-json\/wp\/v2\/types\/page"}],"author":[{"embeddable":true,"href":"https:\/\/yourfid.top\/de\/wp-json\/wp\/v2\/users\/1"}],"replies":[{"embeddable":true,"href":"https:\/\/yourfid.top\/de\/wp-json\/wp\/v2\/comments?post=6320"}],"version-history":[{"count":0,"href":"https:\/\/yourfid.top\/de\/wp-json\/wp\/v2\/pages\/6320\/revisions"}],"wp:attachment":[{"href":"https:\/\/yourfid.top\/de\/wp-json\/wp\/v2\/media?parent=6320"}],"curies":[{"name":"wp","href":"https:\/\/api.w.org\/{rel}","templated":true}]}}