{"id":2425,"date":"2020-08-26T11:48:01","date_gmt":"2020-08-26T11:48:01","guid":{"rendered":"https:\/\/www.yourfid.top\/?page_id=2425"},"modified":"2024-07-23T03:11:31","modified_gmt":"2024-07-23T03:11:31","slug":"politik-de-confidentialite","status":"publish","type":"page","link":"https:\/\/yourfid.top\/fr\/politik-de-confidentialite\/","title":{"rendered":"Politique de confidentialit\u00e9"},"content":{"rendered":"<p><strong>Derni\u00e8re mise \u00e0 jour : Juillet 2024<\/strong><\/p>\n\n\n\n<p>La pr\u00e9sente politique de confidentialit\u00e9 d\u00e9crit les politiques de Shanghai HUAYUAN Electronic Co. Ltd, 517, B-Bld, No. 399 Hengnan Rd, Shanghai 201112, Chine, e-mail : marketing@huayuansh.com, t\u00e9l\u00e9phone : +86 21 marketing@huayuansh.com concernant la collecte, l'utilisation et la divulgation des informations que nous recueillons lorsque vous utilisez notre site web ( marketing@huayuansh.com ) : +86 21 54246151 concernant la collecte, l'utilisation et la divulgation des informations que nous recueillons lorsque vous utilisez notre site web ( https:\/\/www.yourfid.top ). (le \"Service\"). En acc\u00e9dant au service ou en l'utilisant, vous consentez \u00e0 la collecte, \u00e0 l'utilisation et \u00e0 la divulgation de vos informations conform\u00e9ment \u00e0 la pr\u00e9sente politique de confidentialit\u00e9. Si vous n'y consentez pas, veuillez ne pas acc\u00e9der au service ni l'utiliser.<br>Nous pouvons modifier la pr\u00e9sente politique de confidentialit\u00e9 \u00e0 tout moment sans vous en informer au pr\u00e9alable et nous publierons la politique de confidentialit\u00e9 r\u00e9vis\u00e9e sur le service. La politique r\u00e9vis\u00e9e entrera en vigueur 180 jours apr\u00e8s sa publication sur le service et votre acc\u00e8s ou utilisation continue du service apr\u00e8s cette date constituera votre acceptation de la politique de confidentialit\u00e9 r\u00e9vis\u00e9e. Nous vous recommandons donc de consulter r\u00e9guli\u00e8rement cette page.<\/p>\n\n\n\n<hr class=\"wp-block-separator has-text-color has-theme-palette-8-color has-alpha-channel-opacity has-theme-palette-8-background-color has-background is-style-wide\"\/>\n\n\n<style>.kb-table-of-content-nav.kb-table-of-content-id2425_0d5311-24 .kb-table-of-content-wrap{padding-top:var(--global-kb-spacing-sm, 1.5rem);padding-right:var(--global-kb-spacing-sm, 1.5rem);padding-bottom:var(--global-kb-spacing-sm, 1.5rem);padding-left:var(--global-kb-spacing-sm, 1.5rem);}.kb-table-of-content-nav.kb-table-of-content-id2425_0d5311-24 .kb-table-of-contents-title-wrap{padding-top:0px;padding-right:0px;padding-bottom:0px;padding-left:0px;}.kb-table-of-content-nav.kb-table-of-content-id2425_0d5311-24 .kb-table-of-contents-title{font-weight:regular;font-style:normal;}.kb-table-of-content-nav.kb-table-of-content-id2425_0d5311-24 .kb-table-of-content-wrap .kb-table-of-content-list{font-weight:regular;font-style:normal;margin-top:var(--global-kb-spacing-sm, 1.5rem);margin-right:0px;margin-bottom:0px;margin-left:0px;}<\/style>\n\n\n<h2 class=\"wp-block-heading\" id=\"information-we-collect\">Les informations que nous recueillons :<\/h2>\n\n\n\n<p>Nous collecterons et traiterons les informations personnelles suivantes vous concernant :<\/p>\n\n\n\n<ul class=\"wp-block-list\">\n<li>Genre<\/li>\n\n\n\n<li>Nom<\/li>\n\n\n\n<li>Courriel<\/li>\n\n\n\n<li>T\u00e9l\u00e9phone<\/li>\n\n\n\n<li>Nom de l'entreprise<\/li>\n\n\n\n<li>Site web<\/li>\n\n\n\n<li>Adresse professionnelle<\/li>\n\n\n\n<li>Secteur d'activit\u00e9<\/li>\n\n\n\n<li>Volume potentiel<\/li>\n\n\n\n<li>Parcours de l'utilisateur<\/li>\n<\/ul>\n\n\n\n<h2 class=\"wp-block-heading\" id=\"how-we-use-your-information\">Comment nous utilisons vos informations :<\/h2>\n\n\n\n<p>Nous utiliserons les informations que nous recueillons \u00e0 votre sujet aux fins suivantes :<\/p>\n\n\n\n<ul class=\"wp-block-list\">\n<li>Marketing\/ Promotion<\/li>\n\n\n\n<li>Soutien<\/li>\n\n\n\n<li>G\u00e9rer les commandes des clients<\/li>\n<\/ul>\n\n\n\n<p>Si nous voulons utiliser vos informations \u00e0 d'autres fins, nous vous demanderons votre consentement et nous n'utiliserons vos informations qu'apr\u00e8s avoir re\u00e7u votre consentement et, dans ce cas, uniquement aux fins pour lesquelles vous avez donn\u00e9 votre consentement, \u00e0 moins que la loi ne nous oblige \u00e0 faire autrement.<\/p>\n\n\n\n<h2 class=\"wp-block-heading\" id=\"how-we-share-your-information\">Comment nous partageons vos informations :<\/h2>\n\n\n\n<p>Nous ne transmettrons pas vos informations personnelles \u00e0 des tiers sans votre consentement, sauf dans les cas limit\u00e9s d\u00e9crits ci-dessous :<\/p>\n\n\n\n<ul class=\"wp-block-list\">\n<li>Service de publicit\u00e9<\/li>\n\n\n\n<li>Analyse<\/li>\n\n\n\n<li>Collecte et traitement des donn\u00e9es<\/li>\n<\/ul>\n\n\n\n<p>Nous demandons \u00e0 ces tiers d'utiliser les informations personnelles que nous leur transf\u00e9rons uniquement aux fins pour lesquelles elles ont \u00e9t\u00e9 transf\u00e9r\u00e9es et de ne pas les conserver plus longtemps qu'il n'est n\u00e9cessaire pour atteindre lesdites fins.<br>Nous pouvons \u00e9galement divulguer vos informations personnelles dans les cas suivants : (1) pour se conformer \u00e0 la loi, \u00e0 la r\u00e9glementation, \u00e0 l'ordonnance d'un tribunal ou \u00e0 toute autre proc\u00e9dure judiciaire applicable ; (2) pour faire respecter les accords que vous avez conclus avec nous, y compris la pr\u00e9sente politique de confidentialit\u00e9 ; ou (3) pour r\u00e9pondre \u00e0 des plaintes selon lesquelles votre utilisation du service viole les droits d'un tiers. Si le service ou notre soci\u00e9t\u00e9 est fusionn\u00e9 ou acquis par une autre soci\u00e9t\u00e9, vos informations seront l'un des actifs transf\u00e9r\u00e9s au nouveau propri\u00e9taire.<\/p>\n\n\n\n<h2 class=\"wp-block-heading\" id=\"retention-of-your-information\">Conservation de vos informations :<\/h2>\n\n\n\n<p>Nous conserverons vos informations personnelles pendant 90 jours ou aussi longtemps que nous en aurons besoin pour atteindre les objectifs pour lesquels elles ont \u00e9t\u00e9 collect\u00e9es, comme indiqu\u00e9 dans la pr\u00e9sente politique de protection de la vie priv\u00e9e. Il se peut que nous devions conserver certaines informations pendant des p\u00e9riodes plus longues, par exemple pour la tenue de registres ou l'\u00e9tablissement de rapports conform\u00e9ment \u00e0 la l\u00e9gislation applicable ou pour d'autres raisons l\u00e9gitimes telles que l'application de droits l\u00e9gaux, la pr\u00e9vention de la fraude, etc. Les informations anonymes r\u00e9siduelles et les informations agr\u00e9g\u00e9es, qui ne permettent pas de vous identifier (directement ou indirectement), peuvent \u00eatre stock\u00e9es ind\u00e9finiment.<\/p>\n\n\n\n<h2 class=\"wp-block-heading\" id=\"your-rights\">Vos droits :<\/h2>\n\n\n\n<p>En fonction de la l\u00e9gislation applicable, vous pouvez avoir un droit d'acc\u00e8s et de rectification ou d'effacement de vos donn\u00e9es \u00e0 caract\u00e8re personnel ou recevoir une copie de vos donn\u00e9es \u00e0 caract\u00e8re personnel, restreindre le traitement actif de vos donn\u00e9es ou vous y opposer, nous demander de partager (portage) vos donn\u00e9es \u00e0 caract\u00e8re personnel avec une autre entit\u00e9, retirer tout consentement que vous nous avez donn\u00e9 pour traiter vos donn\u00e9es, un droit de d\u00e9poser une plainte aupr\u00e8s d'une autorit\u00e9 statutaire et tout autre droit pertinent en vertu de la l\u00e9gislation applicable. Pour exercer ces droits, vous pouvez nous \u00e9crire \u00e0 info@tex-bit.com. Nous r\u00e9pondrons \u00e0 votre demande conform\u00e9ment \u00e0 la l\u00e9gislation applicable.<br>Veuillez noter que si vous ne nous autorisez pas \u00e0 collecter ou \u00e0 traiter les informations personnelles requises ou si vous retirez votre consentement au traitement de ces informations aux fins requises, il se peut que vous ne puissiez pas acc\u00e9der aux services pour lesquels vos informations ont \u00e9t\u00e9 demand\u00e9es, ni les utiliser.<\/p>\n\n\n\n<h2 class=\"wp-block-heading\" id=\"cookies-etc\">Cookies Etc.<\/h2>\n\n\n\n<p>Pour en savoir plus sur la mani\u00e8re dont nous utilisons ces technologies et sur les choix qui s'offrent \u00e0 vous en ce qui concerne ces technologies de suivi, veuillez consulter notre politique en mati\u00e8re de cookies.<\/p>\n\n\n\n<h2 class=\"wp-block-heading\" id=\"security\">La s\u00e9curit\u00e9 :<\/h2>\n\n\n\n<p>La s\u00e9curit\u00e9 de vos informations est importante pour nous et nous utiliserons des mesures de s\u00e9curit\u00e9 raisonnables pour emp\u00eacher la perte, l'utilisation abusive ou la modification non autoris\u00e9e de vos informations sous notre contr\u00f4le. Toutefois, compte tenu des risques inh\u00e9rents, nous ne pouvons pas garantir une s\u00e9curit\u00e9 absolue et, par cons\u00e9quent, nous ne pouvons pas assurer ou garantir la s\u00e9curit\u00e9 des informations que vous nous transmettez et vous le faites \u00e0 vos propres risques.<\/p>\n\n\n\n<h2 class=\"wp-block-heading\" id=\"third-party-links--use-of-your-information\">Liens avec des tiers et utilisation de vos informations :<\/h2>\n\n\n\n<p>Notre service peut contenir des liens vers d'autres sites web qui ne sont pas exploit\u00e9s par nous. La pr\u00e9sente politique de confidentialit\u00e9 ne traite pas de la politique de confidentialit\u00e9 et des autres pratiques des tiers, y compris des tiers exploitant un site web ou un service accessible par un lien sur le service. Nous vous conseillons vivement de consulter la politique de confidentialit\u00e9 de chaque site que vous visitez. Nous n'avons aucun contr\u00f4le sur le contenu, les politiques de confidentialit\u00e9 ou les pratiques des sites ou services tiers et n'assumons aucune responsabilit\u00e9 \u00e0 cet \u00e9gard.<\/p>\n\n\n\n<h2 class=\"wp-block-heading\" id=\"grievance--data-protection-officer\">D\u00e9l\u00e9gu\u00e9 aux plaintes et \u00e0 la protection des donn\u00e9es :<\/h2>\n\n\n\n<p>Si vous avez des questions ou des pr\u00e9occupations concernant le traitement de vos informations disponibles chez nous, vous pouvez envoyer un courriel \u00e0 notre responsable des griefs \u00e0 l'adresse suivante : Shanghai HUAYUAN Electronic Co. Ltd, 517, B-Bld, No. 399 Hengnan Rd, courriel : Shanghai HUAYUAN Electronic Co. Ltd, 517, B-Bld, No. 399 Hengnan Rd, courriel : Shanghai HUAYUAN Electronic Co : <a href=\"mailto:marketing@huayuansh.com\">marketing@huayuansh.com<\/a>. Nous r\u00e9pondrons \u00e0 vos pr\u00e9occupations conform\u00e9ment \u00e0 la l\u00e9gislation applicable.<\/p>","protected":false},"excerpt":{"rendered":"<p>Last updated: July 2024 This Privacy Policy describes the policies of Shanghai HUAYUAN Electronic Co., Ltd, 517, B-Bld, No. 399 Hengnan Rd, Shanghai 201112, China, email: marketing@huayuansh.com, phone: +86 21 54246151 on the collection, use and disclosure of your information that we collect when you use our website ( https:\/\/www.yourfid.top ). (the \u201cService\u201d). By accessing&#8230;<\/p>","protected":false},"author":1,"featured_media":0,"parent":0,"menu_order":9,"comment_status":"closed","ping_status":"closed","template":"","meta":{"_kad_blocks_custom_css":"","_kad_blocks_head_custom_js":"","_kad_blocks_body_custom_js":"","_kad_blocks_footer_custom_js":"","_kadence_starter_templates_imported_post":false,"_kad_post_transparent":"","_kad_post_title":"","_kad_post_layout":"","_kad_post_sidebar_id":"","_kad_post_content_style":"","_kad_post_vertical_padding":"","_kad_post_feature":"","_kad_post_feature_position":"","_kad_post_header":false,"_kad_post_footer":false,"footnotes":""},"class_list":["post-2425","page","type-page","status-publish","hentry"],"yoast_head":"<!-- This site is optimized with the Yoast SEO Premium plugin v25.5 (Yoast SEO v25.6) - https:\/\/yoast.com\/wordpress\/plugins\/seo\/ -->\n<title>Privacy Policy - RFID Wristbands, Cards, Key Fobs | HUAYUAN<\/title>\n<meta name=\"description\" content=\"Our privacy policy explains how we collect, use, share and protect your personal information. Read about the data we collect, how it is used, who we share it with and your rights.\" \/>\n<meta name=\"robots\" content=\"index, nofollow, max-snippet:-1, max-image-preview:large, max-video-preview:-1\" \/>\n<link rel=\"canonical\" href=\"https:\/\/yourfid.top\/fr\/politik-de-confidentialite\/\" \/>\n<meta property=\"og:locale\" content=\"fr_FR\" \/>\n<meta property=\"og:type\" content=\"article\" \/>\n<meta property=\"og:title\" content=\"Privacy Policy\" \/>\n<meta property=\"og:description\" content=\"Our privacy policy explains how we collect, use, share and protect your personal information. Read about the data we collect, how it is used, who we share it with and your rights.\" \/>\n<meta property=\"og:url\" content=\"https:\/\/yourfid.top\/fr\/politik-de-confidentialite\/\" \/>\n<meta property=\"og:site_name\" content=\"RFID Wristbands, Cards, Key Fobs | HUAYUAN\" \/>\n<meta property=\"article:publisher\" content=\"http:\/\/www.facebook.com\/HUAYUANsh\" \/>\n<meta property=\"article:modified_time\" content=\"2024-07-23T03:11:31+00:00\" \/>\n<meta name=\"twitter:card\" content=\"summary_large_image\" \/>\n<meta name=\"twitter:site\" content=\"@HUAYUAN_RFID\" \/>\n<script type=\"application\/ld+json\" class=\"yoast-schema-graph\">{\"@context\":\"https:\/\/schema.org\",\"@graph\":[{\"@type\":\"WebPage\",\"@id\":\"https:\/\/yourfid.top\/privacy-policy\/\",\"url\":\"https:\/\/yourfid.top\/privacy-policy\/\",\"name\":\"Privacy Policy - RFID Wristbands, Cards, Key Fobs | HUAYUAN\",\"isPartOf\":{\"@id\":\"https:\/\/yourfid.top\/es\/#website\"},\"datePublished\":\"2020-08-26T11:48:01+00:00\",\"dateModified\":\"2024-07-23T03:11:31+00:00\",\"description\":\"Our privacy policy explains how we collect, use, share and protect your personal information. Read about the data we collect, how it is used, who we share it with and your rights.\",\"breadcrumb\":{\"@id\":\"https:\/\/yourfid.top\/privacy-policy\/#breadcrumb\"},\"inLanguage\":\"fr-FR\",\"potentialAction\":[{\"@type\":\"ReadAction\",\"target\":[\"https:\/\/yourfid.top\/privacy-policy\/\"]}]},{\"@type\":\"BreadcrumbList\",\"@id\":\"https:\/\/yourfid.top\/privacy-policy\/#breadcrumb\",\"itemListElement\":[{\"@type\":\"ListItem\",\"position\":1,\"name\":\"Home\",\"item\":\"https:\/\/yourfid.top\/\"},{\"@type\":\"ListItem\",\"position\":2,\"name\":\"Privacy Policy\"}]},{\"@type\":\"WebSite\",\"@id\":\"https:\/\/yourfid.top\/es\/#website\",\"url\":\"https:\/\/yourfid.top\/es\/\",\"name\":\"RFID Wristbands, Cards, Key Fobs | HUAYUAN\",\"description\":\"Seamless Connectivity, Secure Living\",\"publisher\":{\"@id\":\"https:\/\/yourfid.top\/es\/#organization\"},\"potentialAction\":[{\"@type\":\"SearchAction\",\"target\":{\"@type\":\"EntryPoint\",\"urlTemplate\":\"https:\/\/yourfid.top\/es\/?s={search_term_string}\"},\"query-input\":{\"@type\":\"PropertyValueSpecification\",\"valueRequired\":true,\"valueName\":\"search_term_string\"}}],\"inLanguage\":\"fr-FR\"},{\"@type\":\"Organization\",\"@id\":\"https:\/\/yourfid.top\/es\/#organization\",\"name\":\"HuaYuan\",\"url\":\"https:\/\/yourfid.top\/es\/\",\"logo\":{\"@type\":\"ImageObject\",\"inLanguage\":\"fr-FR\",\"@id\":\"https:\/\/yourfid.top\/es\/#\/schema\/logo\/image\/\",\"url\":\"https:\/\/yourfid.top\/wp-content\/uploads\/2024\/09\/cropped-HUAYUAN.webp\",\"contentUrl\":\"https:\/\/yourfid.top\/wp-content\/uploads\/2024\/09\/cropped-HUAYUAN.webp\",\"width\":895,\"height\":279,\"caption\":\"HuaYuan\"},\"image\":{\"@id\":\"https:\/\/yourfid.top\/es\/#\/schema\/logo\/image\/\"},\"sameAs\":[\"http:\/\/www.facebook.com\/HUAYUANsh\",\"https:\/\/x.com\/HUAYUAN_RFID\"]}]}<\/script>\n<!-- \/ Yoast SEO Premium plugin. -->","yoast_head_json":{"title":"Privacy Policy - RFID Wristbands, Cards, Key Fobs | HUAYUAN","description":"Our privacy policy explains how we collect, use, share and protect your personal information. Read about the data we collect, how it is used, who we share it with and your rights.","robots":{"index":"index","follow":"nofollow","max-snippet":"max-snippet:-1","max-image-preview":"max-image-preview:large","max-video-preview":"max-video-preview:-1"},"canonical":"https:\/\/yourfid.top\/fr\/politik-de-confidentialite\/","og_locale":"fr_FR","og_type":"article","og_title":"Privacy Policy","og_description":"Our privacy policy explains how we collect, use, share and protect your personal information. Read about the data we collect, how it is used, who we share it with and your rights.","og_url":"https:\/\/yourfid.top\/fr\/politik-de-confidentialite\/","og_site_name":"RFID Wristbands, Cards, Key Fobs | HUAYUAN","article_publisher":"http:\/\/www.facebook.com\/HUAYUANsh","article_modified_time":"2024-07-23T03:11:31+00:00","twitter_card":"summary_large_image","twitter_site":"@HUAYUAN_RFID","schema":{"@context":"https:\/\/schema.org","@graph":[{"@type":"WebPage","@id":"https:\/\/yourfid.top\/privacy-policy\/","url":"https:\/\/yourfid.top\/privacy-policy\/","name":"Privacy Policy - RFID Wristbands, Cards, Key Fobs | HUAYUAN","isPartOf":{"@id":"https:\/\/yourfid.top\/es\/#website"},"datePublished":"2020-08-26T11:48:01+00:00","dateModified":"2024-07-23T03:11:31+00:00","description":"Our privacy policy explains how we collect, use, share and protect your personal information. Read about the data we collect, how it is used, who we share it with and your rights.","breadcrumb":{"@id":"https:\/\/yourfid.top\/privacy-policy\/#breadcrumb"},"inLanguage":"fr-FR","potentialAction":[{"@type":"ReadAction","target":["https:\/\/yourfid.top\/privacy-policy\/"]}]},{"@type":"BreadcrumbList","@id":"https:\/\/yourfid.top\/privacy-policy\/#breadcrumb","itemListElement":[{"@type":"ListItem","position":1,"name":"Home","item":"https:\/\/yourfid.top\/"},{"@type":"ListItem","position":2,"name":"Privacy Policy"}]},{"@type":"WebSite","@id":"https:\/\/yourfid.top\/es\/#website","url":"https:\/\/yourfid.top\/es\/","name":"Bracelets, cartes et porte-cl\u00e9s RFID | HUAYUAN","description":"Une connectivit\u00e9 sans faille, une vie s\u00e9curis\u00e9e","publisher":{"@id":"https:\/\/yourfid.top\/es\/#organization"},"potentialAction":[{"@type":"SearchAction","target":{"@type":"EntryPoint","urlTemplate":"https:\/\/yourfid.top\/es\/?s={search_term_string}"},"query-input":{"@type":"PropertyValueSpecification","valueRequired":true,"valueName":"search_term_string"}}],"inLanguage":"fr-FR"},{"@type":"Organization","@id":"https:\/\/yourfid.top\/es\/#organization","name":"HuaYuan","url":"https:\/\/yourfid.top\/es\/","logo":{"@type":"ImageObject","inLanguage":"fr-FR","@id":"https:\/\/yourfid.top\/es\/#\/schema\/logo\/image\/","url":"https:\/\/yourfid.top\/wp-content\/uploads\/2024\/09\/cropped-HUAYUAN.webp","contentUrl":"https:\/\/yourfid.top\/wp-content\/uploads\/2024\/09\/cropped-HUAYUAN.webp","width":895,"height":279,"caption":"HuaYuan"},"image":{"@id":"https:\/\/yourfid.top\/es\/#\/schema\/logo\/image\/"},"sameAs":["http:\/\/www.facebook.com\/HUAYUANsh","https:\/\/x.com\/HUAYUAN_RFID"]}]}},"taxonomy_info":[],"featured_image_src_large":false,"author_info":{"display_name":"hyadmin","author_link":"https:\/\/yourfid.top\/fr\/author\/hyadmin\/"},"comment_info":0,"_links":{"self":[{"href":"https:\/\/yourfid.top\/fr\/wp-json\/wp\/v2\/pages\/2425","targetHints":{"allow":["GET"]}}],"collection":[{"href":"https:\/\/yourfid.top\/fr\/wp-json\/wp\/v2\/pages"}],"about":[{"href":"https:\/\/yourfid.top\/fr\/wp-json\/wp\/v2\/types\/page"}],"author":[{"embeddable":true,"href":"https:\/\/yourfid.top\/fr\/wp-json\/wp\/v2\/users\/1"}],"replies":[{"embeddable":true,"href":"https:\/\/yourfid.top\/fr\/wp-json\/wp\/v2\/comments?post=2425"}],"version-history":[{"count":0,"href":"https:\/\/yourfid.top\/fr\/wp-json\/wp\/v2\/pages\/2425\/revisions"}],"wp:attachment":[{"href":"https:\/\/yourfid.top\/fr\/wp-json\/wp\/v2\/media?parent=2425"}],"curies":[{"name":"wp","href":"https:\/\/api.w.org\/{rel}","templated":true}]}}