{"id":6320,"date":"2024-04-10T02:01:33","date_gmt":"2024-04-10T02:01:33","guid":{"rendered":"https:\/\/yourfid.top\/?page_id=6320"},"modified":"2024-07-23T03:19:02","modified_gmt":"2024-07-23T03:19:02","slug":"politique-de-cookies","status":"publish","type":"page","link":"https:\/\/yourfid.top\/fr\/politique-de-cookies\/","title":{"rendered":"Politique en mati\u00e8re de cookies"},"content":{"rendered":"<p><strong>Derni\u00e8re mise \u00e0 jour : Juillet 2024<\/strong><\/p>\n\n\n\n<p>Shanghai HUAYUAN Electronic Co. est une soci\u00e9t\u00e9 enregistr\u00e9e en Chine. Cette politique en mati\u00e8re de cookies explique comment HUAYUAN utilise des cookies et des technologies similaires pour vous reconna\u00eetre lorsque vous visitez nos sites web. Elle explique ce que sont ces technologies, pourquoi nous les utilisons et quels sont vos droits pour contr\u00f4ler leur utilisation.<\/p>\n\n\n\n<p>Les r\u00e9f\u00e9rences \u00e0 \"Shanghai HUAYUAN Electronic\", \"HUAYUAN\", \"nous\", \"notre\" et \"nos\" se rapportent \u00e0 Shanghai HUAYUAN Electronic Co. et \u00e0 ses filiales.<\/p>\n\n\n\n<hr class=\"wp-block-separator has-text-color has-theme-palette-8-color has-alpha-channel-opacity has-theme-palette-8-background-color has-background is-style-wide\"\/>\n\n\n<style>.kb-table-of-content-nav.kb-table-of-content-id6320_74285f-3f .kb-table-of-content-wrap{padding-top:var(--global-kb-spacing-sm, 1.5rem);padding-right:var(--global-kb-spacing-sm, 1.5rem);padding-bottom:var(--global-kb-spacing-sm, 1.5rem);padding-left:var(--global-kb-spacing-sm, 1.5rem);}.kb-table-of-content-nav.kb-table-of-content-id6320_74285f-3f .kb-table-of-contents-title-wrap{padding-top:0px;padding-right:0px;padding-bottom:0px;padding-left:0px;}.kb-table-of-content-nav.kb-table-of-content-id6320_74285f-3f .kb-table-of-contents-title{font-weight:regular;font-style:normal;}.kb-table-of-content-nav.kb-table-of-content-id6320_74285f-3f .kb-table-of-content-wrap .kb-table-of-content-list{font-weight:regular;font-style:normal;margin-top:var(--global-kb-spacing-sm, 1.5rem);margin-right:0px;margin-bottom:0px;margin-left:0px;}<\/style>\n\n\n<h2 class=\"wp-block-heading\" id=\"1-what-are-cookies\">1, Qu'est-ce qu'un cookie ?<\/h2>\n\n\n\n<p>Les cookies sont de petits fichiers de donn\u00e9es plac\u00e9s sur votre ordinateur ou votre appareil mobile lorsque vous visitez un site web. Ils contiennent un identifiant (une cha\u00eene de lettres et de chiffres) envoy\u00e9 par un serveur web \u00e0 un navigateur web et stock\u00e9 par ce dernier. L'identifiant est ensuite renvoy\u00e9 au serveur chaque fois que le navigateur demande une page au serveur.<\/p>\n\n\n\n<h2 class=\"wp-block-heading\" id=\"2-types-of-cookies\">2, Types de cookies<\/h2>\n\n\n\n<p>En g\u00e9n\u00e9ral, il existe trois fa\u00e7ons diff\u00e9rentes de classer les cookies : en fonction de leur finalit\u00e9, de leur dur\u00e9e et de leur provenance.<\/p>\n\n\n\n<p><strong>Objectif<\/strong><\/p>\n\n\n\n<ul class=\"wp-block-list\">\n<li>Cookies strictement n\u00e9cessaires : Ces cookies sont essentiels \u00e0 la navigation sur le site web et \u00e0 l'utilisation de ses fonctions, comme l'acc\u00e8s aux zones s\u00e9curis\u00e9es.<\/li>\n\n\n\n<li>Cookies de performance : Ces cookies collectent des informations sur la mani\u00e8re dont vous utilisez un site web, comme les pages que vous avez visit\u00e9es et les liens sur lesquels vous avez cliqu\u00e9. Leur seul objectif est d'am\u00e9liorer les fonctions du site web. Cela inclut les cookies provenant de services d'analyse tiers, pour autant que ces cookies soient destin\u00e9s \u00e0 l'usage exclusif du propri\u00e9taire du site web visit\u00e9.<\/li>\n\n\n\n<li>Cookies fonctionnels : Ces cookies nous permettent de m\u00e9moriser vos pr\u00e9f\u00e9rences et vos choix, tels que votre r\u00e9gion ou votre langue. Ces cookies nous permettent de vous offrir des fonctions personnalis\u00e9es.<\/li>\n\n\n\n<li>Cookies de ciblage : Ces cookies suivent votre activit\u00e9 en ligne pour aider les annonceurs \u00e0 vous proposer des publicit\u00e9s plus pertinentes ou pour limiter le nombre de fois que vous voyez une publicit\u00e9. Ces cookies peuvent partager ces informations avec d'autres organisations ou annonceurs. Il s'agit de cookies persistants qui proviennent presque toujours de tiers.<\/li>\n\n\n\n<li>Cookies de m\u00e9dias sociaux : Ces cookies sont mis en place par des plateformes de m\u00e9dias sociaux tiers qui ont \u00e9t\u00e9 int\u00e9gr\u00e9es \u00e0 notre site web.<\/li>\n<\/ul>\n\n\n\n<p><strong>La dur\u00e9e<\/strong><\/p>\n\n\n\n<ul class=\"wp-block-list\">\n<li>Cookies de session : Ces cookies sont temporaires et expirent lorsque vous fermez votre navigateur (ou lorsque votre session se termine).<\/li>\n\n\n\n<li>Cookies persistants : Cette cat\u00e9gorie englobe tous les cookies qui restent sur votre disque dur jusqu'\u00e0 ce que vous les effaciez ou que votre navigateur le fasse, en fonction de la date d'expiration du cookie. Tous les cookies persistants ont une date d'expiration inscrite dans leur code, mais leur dur\u00e9e peut varier. Ces cookies nous permettent de nous souvenir de vos pr\u00e9f\u00e9rences et de vos activit\u00e9s lors de vos multiples visites sur notre site web.<\/li>\n<\/ul>\n\n\n\n<p><strong>Provenance<\/strong><\/p>\n\n\n\n<ul class=\"wp-block-list\">\n<li>Cookies de premi\u00e8re partie : Ces cookies sont plac\u00e9s sur votre appareil directement par Shanghai HUAYUAN Electronic.<\/li>\n\n\n\n<li>Cookies de tiers : Ces cookies sont plac\u00e9s sur votre appareil, non pas par le site web que vous visitez, mais par un tiers tel qu'un annonceur ou un syst\u00e8me analytique.<\/li>\n<\/ul>\n\n\n\n<h2 class=\"wp-block-heading\" id=\"3-why-do-we-use-cookies\">3, Pourquoi utilisons-nous des cookies ?<\/h2>\n\n\n\n<p>Nous utilisons des cookies pour vous offrir la meilleure exp\u00e9rience possible sur notre site web. Par exemple, les cookies nous aident \u00e0 am\u00e9liorer continuellement notre site web, \u00e0 m\u00e9moriser vos param\u00e8tres pendant et entre les visites, \u00e0 am\u00e9liorer la vitesse et la s\u00e9curit\u00e9 de notre site web et \u00e0 adapter la publicit\u00e9 \u00e0 vos int\u00e9r\u00eats.<\/p>\n\n\n\n<p>Notre site web utilise des cookies essentiels et des cookies non essentiels pour am\u00e9liorer votre exp\u00e9rience de navigation. Les cookies essentiels sont indispensables au bon fonctionnement de notre site, tandis que les cookies non essentiels offrent des avantages suppl\u00e9mentaires tels que la personnalisation. Nous utilisons des cookies pour personnaliser le contenu, am\u00e9liorer la fonctionnalit\u00e9 du site web et recueillir des donn\u00e9es statistiques et analytiques pr\u00e9cieuses. Ces informations nous aident \u00e0 optimiser notre contenu, \u00e0 mesurer les performances du site web et \u00e0 prendre des d\u00e9cisions \u00e9clair\u00e9es afin d'am\u00e9liorer continuellement l'exp\u00e9rience des utilisateurs.<\/p>\n\n\n\n<h2 class=\"wp-block-heading\" id=\"4-what-cookies-do-we-use\">4, Quels sont les cookies que nous utilisons ?<\/h2>\n\n\n\n<p>Nous utilisons des cookies de premi\u00e8re et de tierce parties pour plusieurs raisons. Certains cookies sont n\u00e9cessaires pour des raisons techniques au fonctionnement de nos sites web, et nous les appelons cookies \"essentiels\" ou \"strictement n\u00e9cessaires\". D'autres cookies nous permettent \u00e9galement de suivre et de cibler les int\u00e9r\u00eats de nos utilisateurs afin d'am\u00e9liorer l'exp\u00e9rience sur nos sites web. Des tiers utilisent des cookies sur nos sites web \u00e0 des fins publicitaires.<\/p>\n\n\n\n<p>Les types sp\u00e9cifiques de cookies de premi\u00e8re et de tierce partie utilis\u00e9s sur nos sites web et les objectifs qu'ils poursuivent peuvent \u00eatre consult\u00e9s dans les param\u00e8tres de cookies disponibles sur chacun de nos sites web. Veuillez noter que les cookies utilis\u00e9s sur d'autres sites web de HUAYUAN peuvent \u00eatre diff\u00e9rents. Pour en savoir plus sur les cookies sp\u00e9cifiques utilis\u00e9s sur d'autres sites web, veuillez consulter la page \"Politique en mati\u00e8re de cookies\" situ\u00e9e au bas du site web sur lequel vous naviguez.<\/p>\n\n\n\n<p><strong>Cookies strictement n\u00e9cessaires<\/strong><\/p>\n\n\n\n<p>Les cookies strictement n\u00e9cessaires sont essentiels au bon fonctionnement d'un site web. Ces cookies sont n\u00e9cessaires au bon fonctionnement du site web et ne peuvent pas \u00eatre d\u00e9sactiv\u00e9s. Ils permettent des fonctions telles que la navigation entre les pages, le remplissage de formulaires et l'acc\u00e8s \u00e0 des zones s\u00e9curis\u00e9es du site web.<\/p>\n\n\n\n<p>Les cookies strictement n\u00e9cessaires sont utilis\u00e9s uniquement dans le but de fournir les services demand\u00e9s par l'utilisateur. Ces cookies sont install\u00e9s par le site web lui-m\u00eame et ne requi\u00e8rent pas le consentement de l'utilisateur.<\/p>\n\n\n\n<p><strong>Cookies de performance<\/strong><\/p>\n\n\n\n<p>Les cookies de performance collectent des informations sur la mani\u00e8re dont un site web est utilis\u00e9 par les visiteurs. Ces cookies permettent d'am\u00e9liorer l'exp\u00e9rience de l'utilisateur en suivant les temps de chargement des pages, les performances du site web et les rapports d'erreur. Les cookies de performance ne suivent pas l'activit\u00e9 d'un utilisateur sur plusieurs sites web. Ils fournissent plut\u00f4t des donn\u00e9es agr\u00e9g\u00e9es sur l'utilisation et les performances du site web, ce qui aide les propri\u00e9taires de sites web \u00e0 am\u00e9liorer la fonctionnalit\u00e9 et la conception de leur site. Parmi les exemples de cookies de performance, on peut citer les cookies d'analyse qui suivent le trafic et les sch\u00e9mas d'utilisation du site web et les cookies d'\u00e9quilibrage de charge qui veillent \u00e0 ce que le site web reste accessible et r\u00e9actif. Les cookies de performance peuvent \u00eatre mis en place par le site web lui-m\u00eame ou par des fournisseurs de services tiers.<\/p>\n\n\n\n<p><strong>Cookies fonctionnels<\/strong><\/p>\n\n\n\n<p>Les cookies fonctionnels sont un type de cookie qui permet \u00e0 un site web de se souvenir des pr\u00e9f\u00e9rences et des choix de l'utilisateur. Ces cookies permettent au site web de fournir une exp\u00e9rience plus personnalis\u00e9e en m\u00e9morisant les param\u00e8tres de l'utilisateur, tels que la langue pr\u00e9f\u00e9r\u00e9e, la taille de la police et la localisation. Ils permettent \u00e9galement au site web de fournir un contenu personnalis\u00e9, tel que des suggestions de produits ou de services bas\u00e9es sur les activit\u00e9s pr\u00e9c\u00e9dentes de l'utilisateur. Contrairement aux cookies de performance, les cookies fonctionnels collectent des informations personnelles sur l'utilisateur, mais ces informations ne sont pas utilis\u00e9es \u00e0 des fins publicitaires ou \u00e0 d'autres fins non fonctionnelles. Les cookies fonctionnels peuvent \u00eatre install\u00e9s par le site web lui-m\u00eame ou par des prestataires de services tiers.<\/p>\n\n\n\n<p><strong>Cookies de ciblage<\/strong><\/p>\n\n\n\n<p>Ces cookies peuvent \u00eatre install\u00e9s sur notre site par nos partenaires publicitaires. Ils peuvent \u00eatre utilis\u00e9s par ces soci\u00e9t\u00e9s pour \u00e9tablir un profil de vos int\u00e9r\u00eats et vous montrer des publicit\u00e9s pertinentes sur d'autres sites. Ils ne stockent pas d'informations directement personnelles, mais sont bas\u00e9s sur l'identification unique de votre navigateur et de votre appareil Internet. Si vous n'autorisez pas ces cookies, la publicit\u00e9 sera moins cibl\u00e9e.<\/p>\n\n\n\n<p><strong>Cookies pour les m\u00e9dias sociaux<\/strong><\/p>\n\n\n\n<p>Ces cookies sont n\u00e9cessaires pour vous permettre d'utiliser des services fournis par des tiers, tels que les plateformes de m\u00e9dias sociaux comme YouTube.<\/p>\n\n\n\n<h2 class=\"wp-block-heading\" id=\"5-social-media-buttons\">5, Boutons de m\u00e9dias sociaux<\/h2>\n\n\n\n<p>Les boutons de m\u00e9dias sociaux activent des cookies de m\u00e9dias sociaux pour une interaction optimale avec les canaux de m\u00e9dias sociaux tels que YouTube, LinkedIn, Twitter, Facebook, etc., car ils sont n\u00e9cessaires pour fournir certaines fonctions sur nos sites Web et dans nos applications, telles que le bouton \" Tweet \" de Twitter, le bouton \" Share \" de LinkedIn, la lecture d'une vid\u00e9o sur YouTube, etc. Ces cookies ne nous permettent pas d'acc\u00e9der \u00e0 vos comptes de m\u00e9dias sociaux ou aux donn\u00e9es que vous y stockez.<\/p>\n\n\n\n<p>L'utilisation ou l'interaction avec les boutons ou fonctions des m\u00e9dias sociaux est soumise aux r\u00e8gles du fournisseur respectif. HUAYUAN n'a aucune influence sur les r\u00e9seaux de m\u00e9dias sociaux qui collectent vos donn\u00e9es personnelles (par exemple, votre adresse IP) et des informations sur votre comportement de navigation \u00e0 des fins sp\u00e9cifiques \u00e0 ces tiers. Nous vous encourageons \u00e0 consulter les conditions d'utilisation et les avis de confidentialit\u00e9 du r\u00e9seau de m\u00e9dias sociaux concern\u00e9 pour savoir comment le r\u00e9seau traite vos donn\u00e9es personnelles.<\/p>\n\n\n\n<h2 class=\"wp-block-heading\" id=\"6-tracking-technologies\">6, Technologies de suivi<\/h2>\n\n\n\n<p>Les cookies sont l'un des nombreux moyens de reconna\u00eetre ou de suivre les visiteurs d'un site web. Toutefois, nous pouvons utiliser de temps \u00e0 autre d'autres technologies similaires, comme les balises web (parfois appel\u00e9es \"pixels de suivi\" ou \"pixels invisibles\"). Ces minuscules fichiers graphiques contiennent un identifiant unique qui nous permet de savoir quand quelqu'un a visit\u00e9 nos sites web. Cela nous permet, par exemple, de surveiller les sch\u00e9mas de trafic des utilisateurs d'une page \u00e0 l'autre de nos sites web, de d\u00e9livrer des cookies ou de communiquer avec eux, de comprendre si vous \u00eates arriv\u00e9 sur nos sites web \u00e0 partir d'une publicit\u00e9 en ligne affich\u00e9e sur le site web d'un tiers, d'am\u00e9liorer les performances du site web et de mesurer le succ\u00e8s des campagnes de marketing par courrier \u00e9lectronique. Dans de nombreux cas, ces technologies s'appuient sur les cookies pour fonctionner correctement, de sorte que le refus des cookies entravera leur fonctionnement.<\/p>\n\n\n\n<h2 class=\"wp-block-heading\" id=\"7-what-are-my-privacy-options\">7, Quelles sont mes options en mati\u00e8re de protection de la vie priv\u00e9e ?<\/h2>\n\n\n\n<p>Lors de votre premi\u00e8re visite sur notre site, il vous sera demand\u00e9 de choisir vos param\u00e8tres de cookies. En acceptant les cookies, vous donnez votre consentement \u00e0 l'installation des cookies. Vous pouvez toujours vous y opposer en modifiant les param\u00e8tres des cookies.<\/p>\n\n\n\n<p>Vous pouvez \u00e9galement supprimer tous les cookies sur votre appareil en effa\u00e7ant l'historique de navigation de votre navigateur, ce qui supprimera tous les cookies de tous les sites web que vous avez visit\u00e9s. Sachez que le blocage de certains types de cookies peut avoir une incidence sur votre exp\u00e9rience du site web et sur les services que nous sommes en mesure d'offrir.<\/p>\n\n\n\n<p>La plupart des navigateurs web permettent \u00e9galement de contr\u00f4ler la plupart des cookies par le biais des param\u00e8tres du navigateur. Pour en savoir plus sur les publicit\u00e9s bas\u00e9es sur les centres d'int\u00e9r\u00eat et sur les choix qui s'offrent \u00e0 vous, veuillez consulter la page Les contr\u00f4les de votre navigateur web varient d'un navigateur \u00e0 l'autre.<\/p>\n\n\n\n<p>Vous trouverez ci-dessous les liens vers les documents d'aide qui expliquent comment g\u00e9rer et supprimer les cookies des principaux navigateurs web.<br>Chrome : https:\/\/support.google.com\/accounts\/answer\/32050<br>Safari : https:\/\/support.apple.com\/en-in\/guide\/safari\/sfri11471\/mac<br>Firefox : https:\/\/support.mozilla.org\/en-US\/kb\/clear-cookies-and-site-data-firefox?redirectslug=delete-cookies-remove-info-websites-stored&amp;redirectlocale=en-US<br>Internet Explorer : https:\/\/support.microsoft.com\/en-us\/topic\/how-to-delete-cookie-files-in-internet-explorer-bca9446f-d873-78de-77ba-d42645fa52fc<br>Si vous utilisez un autre navigateur web, veuillez consulter les documents d'assistance officiels de votre navigateur.<\/p>\n\n\n\n<h2 class=\"wp-block-heading\" id=\"8-changes-to-this-cookie-notice\">8, Modifications de la pr\u00e9sente notice sur les cookies<\/h2>\n\n\n\n<p>Nous pouvons mettre \u00e0 jour cet avis sur les cookies de temps \u00e0 autre pour refl\u00e9ter les changements apport\u00e9s aux cookies que nous utilisons ou pour des raisons op\u00e9rationnelles, juridiques ou r\u00e9glementaires. Nous vous invitons \u00e0 consulter r\u00e9guli\u00e8rement cette notice pour vous tenir inform\u00e9 de notre utilisation des cookies et des technologies connexes.<\/p>\n\n\n\n<p>La date figurant en haut du pr\u00e9sent avis sur les cookies indique la date de sa derni\u00e8re mise \u00e0 jour.<\/p>\n\n\n\n<h2 class=\"wp-block-heading\" id=\"9-further-information\">9, Informations compl\u00e9mentaires<\/h2>\n\n\n\n<p>Veuillez lire notre\u00a0<a href=\"https:\/\/yourfid.top\/privacy-policy\/\" data-type=\"link\" data-id=\"https:\/\/yourfid.top\/privacy-policy\/\">Politique de confidentialit\u00e9<\/a>\u00a0pour en savoir plus sur l'utilisation de vos donn\u00e9es personnelles.<\/p>\n\n\n\n<p>Si vous avez des questions sur notre utilisation des cookies ou d'autres technologies, veuillez nous envoyer un courrier \u00e9lectronique \u00e0 l'adresse suivante\u00a0<a href=\"mailto:marketing@huayuansh.com\">marketing@huayuansh.com<\/a>.<\/p>","protected":false},"excerpt":{"rendered":"<p>Derni\u00e8re mise \u00e0 jour : Juillet 2024 Shanghai HUAYUAN Electronic Co. est une soci\u00e9t\u00e9 enregistr\u00e9e en Chine. La pr\u00e9sente politique en mati\u00e8re de cookies explique comment HUAYUAN utilise des cookies et des technologies similaires pour vous reconna\u00eetre lorsque vous visitez nos sites Internet. Elle explique ce que sont ces technologies, pourquoi nous les utilisons et quels sont vos droits pour contr\u00f4ler leur utilisation. Les r\u00e9f\u00e9rences \u00e0 \"Shanghai HUAYUAN...<\/p>","protected":false},"author":1,"featured_media":0,"parent":0,"menu_order":10,"comment_status":"closed","ping_status":"closed","template":"","meta":{"_kad_blocks_custom_css":"","_kad_blocks_head_custom_js":"","_kad_blocks_body_custom_js":"","_kad_blocks_footer_custom_js":"","_kadence_starter_templates_imported_post":false,"_kad_post_transparent":"","_kad_post_title":"","_kad_post_layout":"","_kad_post_sidebar_id":"","_kad_post_content_style":"","_kad_post_vertical_padding":"","_kad_post_feature":"","_kad_post_feature_position":"","_kad_post_header":false,"_kad_post_footer":false,"footnotes":""},"class_list":["post-6320","page","type-page","status-publish","hentry"],"yoast_head":"<!-- This site is optimized with the Yoast SEO Premium plugin v25.5 (Yoast SEO v25.6) - https:\/\/yoast.com\/wordpress\/plugins\/seo\/ -->\n<title>Cookie Policy - RFID Wristbands, Cards, Key Fobs | HUAYUAN<\/title>\n<meta name=\"robots\" content=\"index, follow, max-snippet:-1, max-image-preview:large, max-video-preview:-1\" \/>\n<link rel=\"canonical\" href=\"https:\/\/yourfid.top\/fr\/politique-de-cookies\/\" \/>\n<meta property=\"og:locale\" content=\"fr_FR\" \/>\n<meta property=\"og:type\" content=\"article\" \/>\n<meta property=\"og:title\" content=\"Cookie Policy\" \/>\n<meta property=\"og:description\" content=\"Last updated: July 2024 Shanghai HUAYUAN Electronic Co., Ltd is a company registered in China. This Cookie Policy explains how HUAYUAN uses cookies and similar technologies to recognize you when you visit our websites. It explains what these technologies are, why we use them, and your rights to control our use. References to \u201cShanghai HUAYUAN...\" \/>\n<meta property=\"og:url\" content=\"https:\/\/yourfid.top\/fr\/politique-de-cookies\/\" \/>\n<meta property=\"og:site_name\" content=\"RFID Wristbands, Cards, Key Fobs | HUAYUAN\" \/>\n<meta property=\"article:publisher\" content=\"http:\/\/www.facebook.com\/HUAYUANsh\" \/>\n<meta property=\"article:modified_time\" content=\"2024-07-23T03:19:02+00:00\" \/>\n<meta name=\"twitter:card\" content=\"summary_large_image\" \/>\n<meta name=\"twitter:site\" content=\"@HUAYUAN_RFID\" \/>\n<script type=\"application\/ld+json\" class=\"yoast-schema-graph\">{\"@context\":\"https:\/\/schema.org\",\"@graph\":[{\"@type\":\"WebPage\",\"@id\":\"https:\/\/yourfid.top\/cookie-policy\/\",\"url\":\"https:\/\/yourfid.top\/cookie-policy\/\",\"name\":\"Cookie Policy - RFID Wristbands, Cards, Key Fobs | HUAYUAN\",\"isPartOf\":{\"@id\":\"https:\/\/yourfid.top\/es\/#website\"},\"datePublished\":\"2024-04-10T02:01:33+00:00\",\"dateModified\":\"2024-07-23T03:19:02+00:00\",\"breadcrumb\":{\"@id\":\"https:\/\/yourfid.top\/cookie-policy\/#breadcrumb\"},\"inLanguage\":\"fr-FR\",\"potentialAction\":[{\"@type\":\"ReadAction\",\"target\":[\"https:\/\/yourfid.top\/cookie-policy\/\"]}]},{\"@type\":\"BreadcrumbList\",\"@id\":\"https:\/\/yourfid.top\/cookie-policy\/#breadcrumb\",\"itemListElement\":[{\"@type\":\"ListItem\",\"position\":1,\"name\":\"Home\",\"item\":\"https:\/\/yourfid.top\/\"},{\"@type\":\"ListItem\",\"position\":2,\"name\":\"Cookie Policy\"}]},{\"@type\":\"WebSite\",\"@id\":\"https:\/\/yourfid.top\/es\/#website\",\"url\":\"https:\/\/yourfid.top\/es\/\",\"name\":\"RFID Wristbands, Cards, Key Fobs | HUAYUAN\",\"description\":\"Seamless Connectivity, Secure Living\",\"publisher\":{\"@id\":\"https:\/\/yourfid.top\/es\/#organization\"},\"potentialAction\":[{\"@type\":\"SearchAction\",\"target\":{\"@type\":\"EntryPoint\",\"urlTemplate\":\"https:\/\/yourfid.top\/es\/?s={search_term_string}\"},\"query-input\":{\"@type\":\"PropertyValueSpecification\",\"valueRequired\":true,\"valueName\":\"search_term_string\"}}],\"inLanguage\":\"fr-FR\"},{\"@type\":\"Organization\",\"@id\":\"https:\/\/yourfid.top\/es\/#organization\",\"name\":\"HuaYuan\",\"url\":\"https:\/\/yourfid.top\/es\/\",\"logo\":{\"@type\":\"ImageObject\",\"inLanguage\":\"fr-FR\",\"@id\":\"https:\/\/yourfid.top\/es\/#\/schema\/logo\/image\/\",\"url\":\"https:\/\/yourfid.top\/wp-content\/uploads\/2024\/09\/cropped-HUAYUAN.webp\",\"contentUrl\":\"https:\/\/yourfid.top\/wp-content\/uploads\/2024\/09\/cropped-HUAYUAN.webp\",\"width\":895,\"height\":279,\"caption\":\"HuaYuan\"},\"image\":{\"@id\":\"https:\/\/yourfid.top\/es\/#\/schema\/logo\/image\/\"},\"sameAs\":[\"http:\/\/www.facebook.com\/HUAYUANsh\",\"https:\/\/x.com\/HUAYUAN_RFID\"]}]}<\/script>\n<!-- \/ Yoast SEO Premium plugin. -->","yoast_head_json":{"title":"Cookie Policy - RFID Wristbands, Cards, Key Fobs | HUAYUAN","robots":{"index":"index","follow":"follow","max-snippet":"max-snippet:-1","max-image-preview":"max-image-preview:large","max-video-preview":"max-video-preview:-1"},"canonical":"https:\/\/yourfid.top\/fr\/politique-de-cookies\/","og_locale":"fr_FR","og_type":"article","og_title":"Cookie Policy","og_description":"Last updated: July 2024 Shanghai HUAYUAN Electronic Co., Ltd is a company registered in China. This Cookie Policy explains how HUAYUAN uses cookies and similar technologies to recognize you when you visit our websites. It explains what these technologies are, why we use them, and your rights to control our use. References to \u201cShanghai HUAYUAN...","og_url":"https:\/\/yourfid.top\/fr\/politique-de-cookies\/","og_site_name":"RFID Wristbands, Cards, Key Fobs | HUAYUAN","article_publisher":"http:\/\/www.facebook.com\/HUAYUANsh","article_modified_time":"2024-07-23T03:19:02+00:00","twitter_card":"summary_large_image","twitter_site":"@HUAYUAN_RFID","schema":{"@context":"https:\/\/schema.org","@graph":[{"@type":"WebPage","@id":"https:\/\/yourfid.top\/cookie-policy\/","url":"https:\/\/yourfid.top\/cookie-policy\/","name":"Cookie Policy - RFID Wristbands, Cards, Key Fobs | HUAYUAN","isPartOf":{"@id":"https:\/\/yourfid.top\/es\/#website"},"datePublished":"2024-04-10T02:01:33+00:00","dateModified":"2024-07-23T03:19:02+00:00","breadcrumb":{"@id":"https:\/\/yourfid.top\/cookie-policy\/#breadcrumb"},"inLanguage":"fr-FR","potentialAction":[{"@type":"ReadAction","target":["https:\/\/yourfid.top\/cookie-policy\/"]}]},{"@type":"BreadcrumbList","@id":"https:\/\/yourfid.top\/cookie-policy\/#breadcrumb","itemListElement":[{"@type":"ListItem","position":1,"name":"Home","item":"https:\/\/yourfid.top\/"},{"@type":"ListItem","position":2,"name":"Cookie Policy"}]},{"@type":"WebSite","@id":"https:\/\/yourfid.top\/es\/#website","url":"https:\/\/yourfid.top\/es\/","name":"Bracelets, cartes et porte-cl\u00e9s RFID | HUAYUAN","description":"Une connectivit\u00e9 sans faille, une vie s\u00e9curis\u00e9e","publisher":{"@id":"https:\/\/yourfid.top\/es\/#organization"},"potentialAction":[{"@type":"SearchAction","target":{"@type":"EntryPoint","urlTemplate":"https:\/\/yourfid.top\/es\/?s={search_term_string}"},"query-input":{"@type":"PropertyValueSpecification","valueRequired":true,"valueName":"search_term_string"}}],"inLanguage":"fr-FR"},{"@type":"Organization","@id":"https:\/\/yourfid.top\/es\/#organization","name":"HuaYuan","url":"https:\/\/yourfid.top\/es\/","logo":{"@type":"ImageObject","inLanguage":"fr-FR","@id":"https:\/\/yourfid.top\/es\/#\/schema\/logo\/image\/","url":"https:\/\/yourfid.top\/wp-content\/uploads\/2024\/09\/cropped-HUAYUAN.webp","contentUrl":"https:\/\/yourfid.top\/wp-content\/uploads\/2024\/09\/cropped-HUAYUAN.webp","width":895,"height":279,"caption":"HuaYuan"},"image":{"@id":"https:\/\/yourfid.top\/es\/#\/schema\/logo\/image\/"},"sameAs":["http:\/\/www.facebook.com\/HUAYUANsh","https:\/\/x.com\/HUAYUAN_RFID"]}]}},"taxonomy_info":[],"featured_image_src_large":false,"author_info":{"display_name":"hyadmin","author_link":"https:\/\/yourfid.top\/fr\/author\/hyadmin\/"},"comment_info":0,"_links":{"self":[{"href":"https:\/\/yourfid.top\/fr\/wp-json\/wp\/v2\/pages\/6320","targetHints":{"allow":["GET"]}}],"collection":[{"href":"https:\/\/yourfid.top\/fr\/wp-json\/wp\/v2\/pages"}],"about":[{"href":"https:\/\/yourfid.top\/fr\/wp-json\/wp\/v2\/types\/page"}],"author":[{"embeddable":true,"href":"https:\/\/yourfid.top\/fr\/wp-json\/wp\/v2\/users\/1"}],"replies":[{"embeddable":true,"href":"https:\/\/yourfid.top\/fr\/wp-json\/wp\/v2\/comments?post=6320"}],"version-history":[{"count":0,"href":"https:\/\/yourfid.top\/fr\/wp-json\/wp\/v2\/pages\/6320\/revisions"}],"wp:attachment":[{"href":"https:\/\/yourfid.top\/fr\/wp-json\/wp\/v2\/media?parent=6320"}],"curies":[{"name":"wp","href":"https:\/\/api.w.org\/{rel}","templated":true}]}}