{"id":6320,"date":"2024-04-10T02:01:33","date_gmt":"2024-04-10T02:01:33","guid":{"rendered":"https:\/\/yourfid.top\/?page_id=6320"},"modified":"2024-07-23T03:19:02","modified_gmt":"2024-07-23T03:19:02","slug":"politica-sui-cookie","status":"publish","type":"page","link":"https:\/\/yourfid.top\/it\/politica-sui-cookie\/","title":{"rendered":"Informativa sui cookie"},"content":{"rendered":"<p><strong>Ultimo aggiornamento: Luglio 2024<\/strong><\/p>\n\n\n\n<p>Shanghai HUAYUAN Electronic Co., Ltd \u00e8 una societ\u00e0 registrata in Cina. La presente Informativa sui cookie spiega come HUAYUAN utilizza i cookie e tecnologie simili per riconoscere l'utente quando visita i nostri siti web. Spiega cosa sono queste tecnologie, perch\u00e9 le usiamo e i vostri diritti di controllare il nostro uso.<\/p>\n\n\n\n<p>I riferimenti a \"Shanghai HUAYUAN Electronic\", \"HUAYUAN\", \"noi\" e \"nostri\" si riferiscono a Shanghai HUAYUAN Electronic Co.<\/p>\n\n\n\n<hr class=\"wp-block-separator has-text-color has-theme-palette-8-color has-alpha-channel-opacity has-theme-palette-8-background-color has-background is-style-wide\"\/>\n\n\n<style>.kb-table-of-content-nav.kb-table-of-content-id6320_74285f-3f .kb-table-of-content-wrap{padding-top:var(--global-kb-spacing-sm, 1.5rem);padding-right:var(--global-kb-spacing-sm, 1.5rem);padding-bottom:var(--global-kb-spacing-sm, 1.5rem);padding-left:var(--global-kb-spacing-sm, 1.5rem);}.kb-table-of-content-nav.kb-table-of-content-id6320_74285f-3f .kb-table-of-contents-title-wrap{padding-top:0px;padding-right:0px;padding-bottom:0px;padding-left:0px;}.kb-table-of-content-nav.kb-table-of-content-id6320_74285f-3f .kb-table-of-contents-title{font-weight:regular;font-style:normal;}.kb-table-of-content-nav.kb-table-of-content-id6320_74285f-3f .kb-table-of-content-wrap .kb-table-of-content-list{font-weight:regular;font-style:normal;margin-top:var(--global-kb-spacing-sm, 1.5rem);margin-right:0px;margin-bottom:0px;margin-left:0px;}<\/style>\n\n\n<h2 class=\"wp-block-heading\" id=\"1-what-are-cookies\">1, Cosa sono i cookie?<\/h2>\n\n\n\n<p>I cookie sono piccoli file di dati che vengono memorizzati sul vostro computer o dispositivo mobile quando visitate un sito web. Contengono un identificatore (una stringa di lettere e numeri) inviato da un server Web a un browser Web e memorizzato da quest'ultimo. L'identificatore viene poi rinviato al server ogni volta che il browser richiede una pagina dal server.<\/p>\n\n\n\n<h2 class=\"wp-block-heading\" id=\"2-types-of-cookies\">2, Tipi di cookie<\/h2>\n\n\n\n<p>In generale, esistono tre modi diversi per classificare i cookie: in base allo scopo, alla durata e alla provenienza.<\/p>\n\n\n\n<p><strong>Scopo<\/strong><\/p>\n\n\n\n<ul class=\"wp-block-list\">\n<li>Cookie strettamente necessari: Questi cookie sono essenziali per la navigazione del sito web e per l'utilizzo delle sue funzionalit\u00e0, come ad esempio l'accesso alle aree protette.<\/li>\n\n\n\n<li>Cookie di prestazione: Questi cookie raccolgono informazioni sull'utilizzo di un sito web, come le pagine visitate e i link cliccati. Il loro unico scopo \u00e8 quello di migliorare le funzioni del sito web. Sono compresi i cookie di servizi di analisi di terze parti, purch\u00e9 siano ad uso esclusivo del proprietario del sito web visitato.<\/li>\n\n\n\n<li>Cookie funzionali: Questi cookie ci permettono di ricordare le preferenze e le scelte dell'utente, come la regione o la lingua. Questi cookie ci permettono di fornirvi funzioni personalizzate.<\/li>\n\n\n\n<li>Cookie di targeting: Questi cookie tracciano la vostra attivit\u00e0 online per aiutare gli inserzionisti a fornire pubblicit\u00e0 pi\u00f9 pertinenti o per limitare il numero di volte in cui vedete un annuncio. Questi cookie possono condividere queste informazioni con altre organizzazioni o inserzionisti. Si tratta di cookie persistenti e quasi sempre di provenienza terza.<\/li>\n\n\n\n<li>Cookie dei social media: Questi cookie sono impostati da piattaforme di social media di terze parti che sono state integrate nel nostro sito web.<\/li>\n<\/ul>\n\n\n\n<p><strong>Durata<\/strong><\/p>\n\n\n\n<ul class=\"wp-block-list\">\n<li>Cookie di sessione: Questi cookie sono temporanei e scadono una volta chiuso il browser (o una volta terminata la sessione).<\/li>\n\n\n\n<li>Cookie persistenti: Questa categoria comprende tutti i cookie che rimangono sul disco rigido fino a quando non vengono cancellati dall'utente o dal browser, a seconda della data di scadenza del cookie. Tutti i cookie persistenti hanno una data di scadenza scritta nel loro codice, ma la loro durata pu\u00f2 variare. Questi cookie ci permettono di ricordare le preferenze e le attivit\u00e0 dell'utente in pi\u00f9 visite al nostro sito web.<\/li>\n<\/ul>\n\n\n\n<p><strong>Provenienza<\/strong><\/p>\n\n\n\n<ul class=\"wp-block-list\">\n<li>Cookie di prima parte: Questi cookie sono inseriti nel vostro dispositivo direttamente da Shanghai HUAYUAN Electronic.<\/li>\n\n\n\n<li>Cookie di terze parti: Questi cookie vengono inseriti nel vostro dispositivo non dal sito web che state visitando, ma da una terza parte come un inserzionista o un sistema di analisi.<\/li>\n<\/ul>\n\n\n\n<h2 class=\"wp-block-heading\" id=\"3-why-do-we-use-cookies\">3, Perch\u00e9 usiamo i cookie?<\/h2>\n\n\n\n<p>Utilizziamo i cookie per offrirvi la migliore esperienza possibile sul nostro sito web. Ad esempio, i cookie ci aiutano a migliorare continuamente il nostro sito web, a ricordare le vostre impostazioni durante e tra le visite, a migliorare la velocit\u00e0 e la sicurezza del nostro sito web e ad adattare la pubblicit\u00e0 ai vostri interessi.<\/p>\n\n\n\n<p>Il nostro sito web utilizza cookie essenziali e cookie non essenziali per migliorare la vostra esperienza di navigazione. I cookie essenziali sono fondamentali per il corretto funzionamento del nostro sito, mentre i cookie non essenziali forniscono ulteriori vantaggi come la personalizzazione. Utilizziamo i cookie per personalizzare i contenuti, migliorare la funzionalit\u00e0 del sito e raccogliere preziosi dati statistici e analitici. Queste informazioni ci aiutano a ottimizzare i nostri contenuti, a misurare le prestazioni del sito e a prendere decisioni informate per migliorare continuamente l'esperienza dell'utente.<\/p>\n\n\n\n<h2 class=\"wp-block-heading\" id=\"4-what-cookies-do-we-use\">4, Quali cookie utilizziamo?<\/h2>\n\n\n\n<p>Utilizziamo cookie di prima e di terza parte per diversi motivi. Alcuni cookie sono necessari per motivi tecnici per il funzionamento dei nostri siti web e vengono definiti \"essenziali\" o \"strettamente necessari\". Altri cookie ci permettono di tracciare e indirizzare gli interessi dei nostri utenti per migliorare l'esperienza sui nostri siti web. Le terze parti utilizzano i cookie attraverso i nostri siti web per scopi pubblicitari.<\/p>\n\n\n\n<p>I tipi specifici di cookie di prima e terza parte serviti attraverso i nostri siti web e le finalit\u00e0 da essi perseguite possono essere consultati nelle impostazioni dei cookie disponibili in ciascuno dei nostri siti web. Si prega di notare che i cookie utilizzati su altri siti web di HUAYUAN possono essere diversi. Per conoscere i cookie specifici utilizzati su altri siti web, si prega di consultare la pagina \"Politica sui cookie\" situata in fondo al sito web che si sta navigando.<\/p>\n\n\n\n<p><strong>Cookie strettamente necessari<\/strong><\/p>\n\n\n\n<p>I cookie strettamente necessari sono essenziali per il corretto funzionamento di un sito web. Questi cookie sono necessari per il corretto funzionamento del sito e non possono essere disattivati. Essi consentono funzioni quali la navigazione tra le pagine, la compilazione di moduli e l'accesso ad aree sicure del sito.<\/p>\n\n\n\n<p>I cookie strettamente necessari sono utilizzati al solo scopo di fornire i servizi richiesti dall'utente. Questi cookie sono impostati dal sito stesso e non richiedono il consenso dell'utente.<\/p>\n\n\n\n<p><strong>Cookie di prestazione<\/strong><\/p>\n\n\n\n<p>I cookie di prestazione raccolgono informazioni sull'utilizzo di un sito web da parte dei visitatori. Questi cookie aiutano a migliorare l'esperienza dell'utente monitorando i tempi di caricamento delle pagine, le prestazioni del sito web e le segnalazioni di errori. I cookie di prestazione non tengono traccia dell'attivit\u00e0 di un utente su pi\u00f9 siti web. Forniscono invece dati aggregati sull'utilizzo e sulle prestazioni del sito web, che aiutano i proprietari del sito a migliorarne la funzionalit\u00e0 e il design. Esempi di cookie per le prestazioni sono i cookie analitici che tracciano il traffico e i modelli di utilizzo del sito web e i cookie di bilanciamento del carico che assicurano che il sito web rimanga accessibile e reattivo. I cookie di prestazione possono essere impostati dal sito stesso o da fornitori di servizi terzi.<\/p>\n\n\n\n<p><strong>Cookie funzionali<\/strong><\/p>\n\n\n\n<p>I cookie funzionali sono un tipo di cookie che consente a un sito web di ricordare le preferenze e le scelte dell'utente. Questi cookie consentono al sito web di fornire un'esperienza pi\u00f9 personalizzata ricordando le impostazioni dell'utente, come la lingua preferita, la dimensione dei caratteri e la posizione. Consentono inoltre al sito web di fornire contenuti personalizzati, come prodotti o servizi suggeriti in base alle attivit\u00e0 precedenti dell'utente. A differenza dei cookie di prestazione, i cookie funzionali raccolgono informazioni personali sull'utente, ma queste informazioni non vengono utilizzate per la pubblicit\u00e0 o per altri scopi non funzionali. I cookie funzionali possono essere impostati dal sito stesso o da fornitori di servizi terzi.<\/p>\n\n\n\n<p><strong>Cookie di targeting<\/strong><\/p>\n\n\n\n<p>Questi cookie possono essere impostati attraverso il nostro sito dai nostri partner pubblicitari. Possono essere utilizzati da tali aziende per creare un profilo dei vostri interessi e mostrarvi pubblicit\u00e0 pertinenti su altri siti. Non memorizzano informazioni direttamente personali, ma si basano sull'identificazione univoca del vostro browser e del vostro dispositivo internet. Se non si consente l'utilizzo di questi cookie, la pubblicit\u00e0 sar\u00e0 meno mirata.<\/p>\n\n\n\n<p><strong>Cookie per i social media<\/strong><\/p>\n\n\n\n<p>Questi cookie sono necessari per l'utilizzo di servizi forniti da terzi, come le piattaforme di social media come YouTube.<\/p>\n\n\n\n<h2 class=\"wp-block-heading\" id=\"5-social-media-buttons\">5, Pulsanti dei social media<\/h2>\n\n\n\n<p>I pulsanti dei social media abilitano i cookie dei social media per un'interazione ottimale con i canali dei social media come YouTube, LinkedIn, Twitter, Facebook, ecc. in quanto sono necessari per fornire determinate funzioni sui nostri siti web e nelle nostre app, come il pulsante \"Tweet\" di Twitter, il pulsante \"Condividi\" di LinkedIn, la riproduzione di un video su YouTube, ecc. Questi cookie non ci consentono di accedere ai vostri account di social media o ai dati che avete memorizzato al loro interno.<\/p>\n\n\n\n<p>L'uso o l'interazione con i pulsanti o le funzioni dei social media \u00e8 soggetto alle regole del rispettivo fornitore. HUAYUAN non ha alcuna influenza sui canali di social media che raccolgono i dati personali dell'utente (ad esempio, l'indirizzo IP) e le informazioni sul suo comportamento di navigazione per scopi specifici di tali terze parti. Vi invitiamo a consultare i termini di utilizzo e le note sulla privacy del social network in questione per sapere come il network gestisce i vostri dati personali.<\/p>\n\n\n\n<h2 class=\"wp-block-heading\" id=\"6-tracking-technologies\">6, Tecnologie di tracciamento<\/h2>\n\n\n\n<p>I cookie sono uno dei tanti modi per riconoscere o tracciare i visitatori di un sito web. Tuttavia, di tanto in tanto possiamo utilizzare altre tecnologie simili, come i web beacon (talvolta chiamati \"tracking pixel\" o \"clear gif\"). Questi piccoli file grafici contengono un identificatore unico che ci permette di riconoscere quando qualcuno ha visitato i nostri siti web. Questo ci permette, ad esempio, di monitorare i modelli di traffico degli utenti da una pagina all'altra dei nostri siti web, di consegnare o comunicare con i cookie, di capire se siete arrivati ai nostri siti web da una pubblicit\u00e0 online visualizzata su un sito web di terzi, di migliorare le prestazioni dei siti web e di misurare il successo delle campagne di marketing via e-mail. In molti casi, queste tecnologie si basano sui cookie per funzionare correttamente, pertanto il rifiuto dei cookie ne compromette il funzionamento.<\/p>\n\n\n\n<h2 class=\"wp-block-heading\" id=\"7-what-are-my-privacy-options\">7, Quali sono le opzioni per la privacy?<\/h2>\n\n\n\n<p>Quando visitate il nostro sito per la prima volta, vi verr\u00e0 chiesto di scegliere le impostazioni dei cookie. Accettando i cookie, date il vostro consenso all'impostazione dei cookie. \u00c8 sempre possibile scegliere di non accettarli modificando le impostazioni dei cookie.<\/p>\n\n\n\n<p>\u00c8 inoltre possibile eliminare tutti i cookie presenti sul dispositivo cancellando la cronologia di navigazione del browser, in modo da rimuovere tutti i cookie da tutti i siti web visitati. Tenete presente che il blocco di alcuni tipi di cookie pu\u00f2 influire sulla vostra esperienza sul sito web e sui servizi che siamo in grado di offrire.<\/p>\n\n\n\n<p>La maggior parte dei browser consente inoltre di controllare la maggior parte dei cookie attraverso le impostazioni del browser. Per saperne di pi\u00f9 sugli annunci basati sugli interessi e sulle vostre scelte, visitate il sito I controlli del vostro browser variano da browser a browser.<\/p>\n\n\n\n<p>Di seguito sono elencati i link ai documenti di supporto su come gestire ed eliminare i cookie dai principali browser web.<br>Cromo: https:\/\/support.google.com\/accounts\/answer\/32050<br>Safari: https:\/\/support.apple.com\/en-in\/guide\/safari\/sfri11471\/mac<br>Firefox: https:\/\/support.mozilla.org\/en-US\/kb\/clear-cookies-and-site-data-firefox?redirectslug=delete-cookies-remove-info-websites-stored&amp;redirectlocale=en-US<br>Internet Explorer: https:\/\/support.microsoft.com\/en-us\/topic\/how-to-delete-cookie-files-in-internet-explorer-bca9446f-d873-78de-77ba-d42645fa52fc<br>Se si utilizza un altro browser web, consultare i documenti di supporto ufficiali del browser.<\/p>\n\n\n\n<h2 class=\"wp-block-heading\" id=\"8-changes-to-this-cookie-notice\">8, Modifiche alla presente informativa sui cookie<\/h2>\n\n\n\n<p>La presente Informativa sui cookie pu\u00f2 essere aggiornata di tanto in tanto per riflettere le modifiche ai cookie utilizzati o per motivi operativi, legali o normativi. Vi invitiamo a consultare regolarmente la presente Informativa sui cookie per rimanere informati sul nostro utilizzo dei cookie e delle tecnologie correlate.<\/p>\n\n\n\n<p>La data riportata nella parte superiore della presente Informativa sui cookie indica l'ultimo aggiornamento della stessa.<\/p>\n\n\n\n<h2 class=\"wp-block-heading\" id=\"9-further-information\">9, Ulteriori informazioni<\/h2>\n\n\n\n<p>Si prega di leggere il nostro\u00a0<a href=\"https:\/\/yourfid.top\/privacy-policy\/\" data-type=\"link\" data-id=\"https:\/\/yourfid.top\/privacy-policy\/\">Informativa sulla privacy<\/a>\u00a0per saperne di pi\u00f9 sull'utilizzo dei vostri dati personali.<\/p>\n\n\n\n<p>In caso di domande sull'utilizzo dei cookie o di altre tecnologie da parte nostra, vi invitiamo a contattarci via e-mail all'indirizzo\u00a0<a href=\"mailto:marketing@huayuansh.com\">marketing@huayuansh.com<\/a>.<\/p>","protected":false},"excerpt":{"rendered":"<p>Ultimo aggiornamento: Luglio 2024 Shanghai HUAYUAN Electronic Co., Ltd \u00e8 una societ\u00e0 registrata in Cina. La presente Informativa sui cookie spiega come HUAYUAN utilizza i cookie e tecnologie simili per riconoscere l'utente quando visita i nostri siti web. Spiega cosa sono queste tecnologie, perch\u00e9 le usiamo e i vostri diritti di controllare il nostro uso. I riferimenti a \"Shanghai HUAYUAN...<\/p>","protected":false},"author":1,"featured_media":0,"parent":0,"menu_order":10,"comment_status":"closed","ping_status":"closed","template":"","meta":{"_kad_blocks_custom_css":"","_kad_blocks_head_custom_js":"","_kad_blocks_body_custom_js":"","_kad_blocks_footer_custom_js":"","_kadence_starter_templates_imported_post":false,"_kad_post_transparent":"","_kad_post_title":"","_kad_post_layout":"","_kad_post_sidebar_id":"","_kad_post_content_style":"","_kad_post_vertical_padding":"","_kad_post_feature":"","_kad_post_feature_position":"","_kad_post_header":false,"_kad_post_footer":false,"footnotes":""},"class_list":["post-6320","page","type-page","status-publish","hentry"],"yoast_head":"<!-- This site is optimized with the Yoast SEO Premium plugin v25.5 (Yoast SEO v25.6) - https:\/\/yoast.com\/wordpress\/plugins\/seo\/ -->\n<title>Cookie Policy - RFID Wristbands, Cards, Key Fobs | HUAYUAN<\/title>\n<meta name=\"robots\" content=\"index, follow, max-snippet:-1, max-image-preview:large, max-video-preview:-1\" \/>\n<link rel=\"canonical\" href=\"https:\/\/yourfid.top\/it\/politica-sui-cookie\/\" \/>\n<meta property=\"og:locale\" content=\"it_IT\" \/>\n<meta property=\"og:type\" content=\"article\" \/>\n<meta property=\"og:title\" content=\"Cookie Policy\" \/>\n<meta property=\"og:description\" content=\"Last updated: July 2024 Shanghai HUAYUAN Electronic Co., Ltd is a company registered in China. This Cookie Policy explains how HUAYUAN uses cookies and similar technologies to recognize you when you visit our websites. It explains what these technologies are, why we use them, and your rights to control our use. References to \u201cShanghai HUAYUAN...\" \/>\n<meta property=\"og:url\" content=\"https:\/\/yourfid.top\/it\/politica-sui-cookie\/\" \/>\n<meta property=\"og:site_name\" content=\"RFID Wristbands, Cards, Key Fobs | HUAYUAN\" \/>\n<meta property=\"article:publisher\" content=\"http:\/\/www.facebook.com\/HUAYUANsh\" \/>\n<meta property=\"article:modified_time\" content=\"2024-07-23T03:19:02+00:00\" \/>\n<meta name=\"twitter:card\" content=\"summary_large_image\" \/>\n<meta name=\"twitter:site\" content=\"@HUAYUAN_RFID\" \/>\n<script type=\"application\/ld+json\" class=\"yoast-schema-graph\">{\"@context\":\"https:\/\/schema.org\",\"@graph\":[{\"@type\":\"WebPage\",\"@id\":\"https:\/\/yourfid.top\/cookie-policy\/\",\"url\":\"https:\/\/yourfid.top\/cookie-policy\/\",\"name\":\"Cookie Policy - RFID Wristbands, Cards, Key Fobs | HUAYUAN\",\"isPartOf\":{\"@id\":\"https:\/\/yourfid.top\/es\/#website\"},\"datePublished\":\"2024-04-10T02:01:33+00:00\",\"dateModified\":\"2024-07-23T03:19:02+00:00\",\"breadcrumb\":{\"@id\":\"https:\/\/yourfid.top\/cookie-policy\/#breadcrumb\"},\"inLanguage\":\"it-IT\",\"potentialAction\":[{\"@type\":\"ReadAction\",\"target\":[\"https:\/\/yourfid.top\/cookie-policy\/\"]}]},{\"@type\":\"BreadcrumbList\",\"@id\":\"https:\/\/yourfid.top\/cookie-policy\/#breadcrumb\",\"itemListElement\":[{\"@type\":\"ListItem\",\"position\":1,\"name\":\"Home\",\"item\":\"https:\/\/yourfid.top\/\"},{\"@type\":\"ListItem\",\"position\":2,\"name\":\"Cookie Policy\"}]},{\"@type\":\"WebSite\",\"@id\":\"https:\/\/yourfid.top\/es\/#website\",\"url\":\"https:\/\/yourfid.top\/es\/\",\"name\":\"RFID Wristbands, Cards, Key Fobs | HUAYUAN\",\"description\":\"Seamless Connectivity, Secure Living\",\"publisher\":{\"@id\":\"https:\/\/yourfid.top\/es\/#organization\"},\"potentialAction\":[{\"@type\":\"SearchAction\",\"target\":{\"@type\":\"EntryPoint\",\"urlTemplate\":\"https:\/\/yourfid.top\/es\/?s={search_term_string}\"},\"query-input\":{\"@type\":\"PropertyValueSpecification\",\"valueRequired\":true,\"valueName\":\"search_term_string\"}}],\"inLanguage\":\"it-IT\"},{\"@type\":\"Organization\",\"@id\":\"https:\/\/yourfid.top\/es\/#organization\",\"name\":\"HuaYuan\",\"url\":\"https:\/\/yourfid.top\/es\/\",\"logo\":{\"@type\":\"ImageObject\",\"inLanguage\":\"it-IT\",\"@id\":\"https:\/\/yourfid.top\/es\/#\/schema\/logo\/image\/\",\"url\":\"https:\/\/yourfid.top\/wp-content\/uploads\/2024\/09\/cropped-HUAYUAN.webp\",\"contentUrl\":\"https:\/\/yourfid.top\/wp-content\/uploads\/2024\/09\/cropped-HUAYUAN.webp\",\"width\":895,\"height\":279,\"caption\":\"HuaYuan\"},\"image\":{\"@id\":\"https:\/\/yourfid.top\/es\/#\/schema\/logo\/image\/\"},\"sameAs\":[\"http:\/\/www.facebook.com\/HUAYUANsh\",\"https:\/\/x.com\/HUAYUAN_RFID\"]}]}<\/script>\n<!-- \/ Yoast SEO Premium plugin. -->","yoast_head_json":{"title":"Cookie Policy - RFID Wristbands, Cards, Key Fobs | HUAYUAN","robots":{"index":"index","follow":"follow","max-snippet":"max-snippet:-1","max-image-preview":"max-image-preview:large","max-video-preview":"max-video-preview:-1"},"canonical":"https:\/\/yourfid.top\/it\/politica-sui-cookie\/","og_locale":"it_IT","og_type":"article","og_title":"Cookie Policy","og_description":"Last updated: July 2024 Shanghai HUAYUAN Electronic Co., Ltd is a company registered in China. This Cookie Policy explains how HUAYUAN uses cookies and similar technologies to recognize you when you visit our websites. It explains what these technologies are, why we use them, and your rights to control our use. References to \u201cShanghai HUAYUAN...","og_url":"https:\/\/yourfid.top\/it\/politica-sui-cookie\/","og_site_name":"RFID Wristbands, Cards, Key Fobs | HUAYUAN","article_publisher":"http:\/\/www.facebook.com\/HUAYUANsh","article_modified_time":"2024-07-23T03:19:02+00:00","twitter_card":"summary_large_image","twitter_site":"@HUAYUAN_RFID","schema":{"@context":"https:\/\/schema.org","@graph":[{"@type":"WebPage","@id":"https:\/\/yourfid.top\/cookie-policy\/","url":"https:\/\/yourfid.top\/cookie-policy\/","name":"Cookie Policy - RFID Wristbands, Cards, Key Fobs | HUAYUAN","isPartOf":{"@id":"https:\/\/yourfid.top\/es\/#website"},"datePublished":"2024-04-10T02:01:33+00:00","dateModified":"2024-07-23T03:19:02+00:00","breadcrumb":{"@id":"https:\/\/yourfid.top\/cookie-policy\/#breadcrumb"},"inLanguage":"it-IT","potentialAction":[{"@type":"ReadAction","target":["https:\/\/yourfid.top\/cookie-policy\/"]}]},{"@type":"BreadcrumbList","@id":"https:\/\/yourfid.top\/cookie-policy\/#breadcrumb","itemListElement":[{"@type":"ListItem","position":1,"name":"Home","item":"https:\/\/yourfid.top\/"},{"@type":"ListItem","position":2,"name":"Cookie Policy"}]},{"@type":"WebSite","@id":"https:\/\/yourfid.top\/es\/#website","url":"https:\/\/yourfid.top\/es\/","name":"Braccialetti, carte e portachiavi RFID | HUAYUAN","description":"Connettivit\u00e0 senza soluzione di continuit\u00e0, vita sicura","publisher":{"@id":"https:\/\/yourfid.top\/es\/#organization"},"potentialAction":[{"@type":"SearchAction","target":{"@type":"EntryPoint","urlTemplate":"https:\/\/yourfid.top\/es\/?s={search_term_string}"},"query-input":{"@type":"PropertyValueSpecification","valueRequired":true,"valueName":"search_term_string"}}],"inLanguage":"it-IT"},{"@type":"Organization","@id":"https:\/\/yourfid.top\/es\/#organization","name":"HuaYuan","url":"https:\/\/yourfid.top\/es\/","logo":{"@type":"ImageObject","inLanguage":"it-IT","@id":"https:\/\/yourfid.top\/es\/#\/schema\/logo\/image\/","url":"https:\/\/yourfid.top\/wp-content\/uploads\/2024\/09\/cropped-HUAYUAN.webp","contentUrl":"https:\/\/yourfid.top\/wp-content\/uploads\/2024\/09\/cropped-HUAYUAN.webp","width":895,"height":279,"caption":"HuaYuan"},"image":{"@id":"https:\/\/yourfid.top\/es\/#\/schema\/logo\/image\/"},"sameAs":["http:\/\/www.facebook.com\/HUAYUANsh","https:\/\/x.com\/HUAYUAN_RFID"]}]}},"taxonomy_info":[],"featured_image_src_large":false,"author_info":{"display_name":"hyadmin","author_link":"https:\/\/yourfid.top\/it\/author\/hyadmin\/"},"comment_info":0,"_links":{"self":[{"href":"https:\/\/yourfid.top\/it\/wp-json\/wp\/v2\/pages\/6320","targetHints":{"allow":["GET"]}}],"collection":[{"href":"https:\/\/yourfid.top\/it\/wp-json\/wp\/v2\/pages"}],"about":[{"href":"https:\/\/yourfid.top\/it\/wp-json\/wp\/v2\/types\/page"}],"author":[{"embeddable":true,"href":"https:\/\/yourfid.top\/it\/wp-json\/wp\/v2\/users\/1"}],"replies":[{"embeddable":true,"href":"https:\/\/yourfid.top\/it\/wp-json\/wp\/v2\/comments?post=6320"}],"version-history":[{"count":0,"href":"https:\/\/yourfid.top\/it\/wp-json\/wp\/v2\/pages\/6320\/revisions"}],"wp:attachment":[{"href":"https:\/\/yourfid.top\/it\/wp-json\/wp\/v2\/media?parent=6320"}],"curies":[{"name":"wp","href":"https:\/\/api.w.org\/{rel}","templated":true}]}}